{"id":3040,"date":"2020-11-09T10:28:52","date_gmt":"2020-11-09T09:28:52","guid":{"rendered":"http:\/\/regischoco.com\/?post_type=product&#038;p=3040"},"modified":"2026-01-24T04:53:40","modified_gmt":"2026-01-24T03:53:40","slug":"marrons-glaces-2","status":"publish","type":"product","link":"https:\/\/regischocolatier.chocolats.net\/en\/product\/marrons-glaces-2\/","title":{"rendered":"Marrons glac\u00e9s"},"content":{"rendered":"","protected":false},"excerpt":{"rendered":"<p>Marron confit en provenance de Naples, enrob\u00e9 d\u2019une fine pellicule de glace translucide.<\/p>\n<p>Texture tendre.<br \/>\nGo\u00fbt de marron rehauss\u00e9 d\u2019une note subtile de vanille en gousse Bourbon de Madagascar.<br \/>\nPos\u00e9 sur une cartonnette et envelopp\u00e9 dans une feuille alu argent\u00e9e.<\/p>\n<p>Sans sulfite.<\/p>\n[maxbutton id=\"2\" ]\n","protected":false},"featured_media":3194,"template":"","meta":[],"product_cat":[35],"product_tag":[],"class_list":{"0":"post-3040","1":"product","2":"type-product","3":"status-publish","4":"has-post-thumbnail","6":"product_cat-marron-glace","7":"product_shipping_class-colissimo","9":"first","10":"instock","11":"taxable","12":"shipping-taxable","13":"purchasable","14":"product-type-variable"},"yoast_head":"<!-- This site is optimized with the Yoast SEO plugin v23.5 - https:\/\/yoast.com\/wordpress\/plugins\/seo\/ -->\n<title>Marrons glac\u00e9s - REGIS CHOCOLATERIE<\/title>\n<meta name=\"robots\" content=\"index, follow, max-snippet:-1, max-image-preview:large, max-video-preview:-1\" \/>\n<link rel=\"canonical\" href=\"https:\/\/regischocolatier.chocolats.net\/en\/product\/marrons-glaces-2\/\" \/>\n<meta property=\"og:locale\" content=\"en_GB\" \/>\n<meta property=\"og:type\" content=\"article\" \/>\n<meta property=\"og:title\" content=\"Marrons glac\u00e9s - REGIS CHOCOLATERIE\" \/>\n<meta property=\"og:description\" content=\"Marron confit en provenance de Naples, enrob\u00e9 d\u2019une fine pellicule de glace translucide.  Texture tendre. Go\u00fbt de marron rehauss\u00e9 d\u2019une note subtile de vanille en gousse Bourbon de Madagascar. Pos\u00e9 sur une cartonnette et envelopp\u00e9 dans une feuille alu argent\u00e9e.  Sans sulfite.\" \/>\n<meta property=\"og:url\" content=\"https:\/\/regischocolatier.chocolats.net\/en\/product\/marrons-glaces-2\/\" \/>\n<meta property=\"og:site_name\" content=\"REGIS CHOCOLATERIE\" \/>\n<meta property=\"article:modified_time\" content=\"2026-01-24T03:53:40+00:00\" \/>\n<meta property=\"og:image\" content=\"https:\/\/regischocolatier.chocolats.net\/wp-content\/uploads\/2020\/11\/MARRONS-GLACES-3.jpg\" \/>\n\t<meta property=\"og:image:width\" content=\"2500\" \/>\n\t<meta property=\"og:image:height\" content=\"1667\" \/>\n\t<meta property=\"og:image:type\" content=\"image\/jpeg\" \/>\n<meta name=\"twitter:card\" content=\"summary_large_image\" \/>\n<script type=\"application\/ld+json\" class=\"yoast-schema-graph\">{\"@context\":\"https:\/\/schema.org\",\"@graph\":[{\"@type\":\"WebPage\",\"@id\":\"https:\/\/regischocolatier.chocolats.net\/produit\/marrons-glaces-2\/\",\"url\":\"https:\/\/regischocolatier.chocolats.net\/produit\/marrons-glaces-2\/\",\"name\":\"Marrons glac\u00e9s - REGIS CHOCOLATERIE\",\"isPartOf\":{\"@id\":\"https:\/\/regischocolatier.chocolats.net\/#website\"},\"primaryImageOfPage\":{\"@id\":\"https:\/\/regischocolatier.chocolats.net\/produit\/marrons-glaces-2\/#primaryimage\"},\"image\":{\"@id\":\"https:\/\/regischocolatier.chocolats.net\/produit\/marrons-glaces-2\/#primaryimage\"},\"thumbnailUrl\":\"https:\/\/regischocolatier.chocolats.net\/wp-content\/uploads\/2020\/11\/MARRONS-GLACES-3.jpg\",\"datePublished\":\"2020-11-09T09:28:52+00:00\",\"dateModified\":\"2026-01-24T03:53:40+00:00\",\"breadcrumb\":{\"@id\":\"https:\/\/regischocolatier.chocolats.net\/produit\/marrons-glaces-2\/#breadcrumb\"},\"inLanguage\":\"en-GB\",\"potentialAction\":[{\"@type\":\"ReadAction\",\"target\":[\"https:\/\/regischocolatier.chocolats.net\/produit\/marrons-glaces-2\/\"]}]},{\"@type\":\"ImageObject\",\"inLanguage\":\"en-GB\",\"@id\":\"https:\/\/regischocolatier.chocolats.net\/produit\/marrons-glaces-2\/#primaryimage\",\"url\":\"https:\/\/regischocolatier.chocolats.net\/wp-content\/uploads\/2020\/11\/MARRONS-GLACES-3.jpg\",\"contentUrl\":\"https:\/\/regischocolatier.chocolats.net\/wp-content\/uploads\/2020\/11\/MARRONS-GLACES-3.jpg\",\"width\":2500,\"height\":1667},{\"@type\":\"BreadcrumbList\",\"@id\":\"https:\/\/regischocolatier.chocolats.net\/produit\/marrons-glaces-2\/#breadcrumb\",\"itemListElement\":[{\"@type\":\"ListItem\",\"position\":1,\"name\":\"Home\",\"item\":\"https:\/\/regischocolatier.chocolats.net\/\"},{\"@type\":\"ListItem\",\"position\":2,\"name\":\"La Boutique\",\"item\":\"https:\/\/regischocolatier.chocolats.net\/shop\/\"},{\"@type\":\"ListItem\",\"position\":3,\"name\":\"Marrons glac\u00e9s\"}]},{\"@type\":\"WebSite\",\"@id\":\"https:\/\/regischocolatier.chocolats.net\/#website\",\"url\":\"https:\/\/regischocolatier.chocolats.net\/\",\"name\":\"REGIS CHOCOLATERIE\",\"description\":\"REGIS chocolatier, ma\u00eetre chocolatier depuis plus de 70 ans.\",\"potentialAction\":[{\"@type\":\"SearchAction\",\"target\":{\"@type\":\"EntryPoint\",\"urlTemplate\":\"https:\/\/regischocolatier.chocolats.net\/?s={search_term_string}\"},\"query-input\":{\"@type\":\"PropertyValueSpecification\",\"valueRequired\":true,\"valueName\":\"search_term_string\"}}],\"inLanguage\":\"en-GB\"}]}<\/script>\n<!-- \/ Yoast SEO plugin. -->","yoast_head_json":{"title":"Marrons glac\u00e9s - REGIS CHOCOLATERIE","robots":{"index":"index","follow":"follow","max-snippet":"max-snippet:-1","max-image-preview":"max-image-preview:large","max-video-preview":"max-video-preview:-1"},"canonical":"https:\/\/regischocolatier.chocolats.net\/en\/product\/marrons-glaces-2\/","og_locale":"en_GB","og_type":"article","og_title":"Marrons glac\u00e9s - REGIS CHOCOLATERIE","og_description":"Marron confit en provenance de Naples, enrob\u00e9 d\u2019une fine pellicule de glace translucide.  Texture tendre. Go\u00fbt de marron rehauss\u00e9 d\u2019une note subtile de vanille en gousse Bourbon de Madagascar. Pos\u00e9 sur une cartonnette et envelopp\u00e9 dans une feuille alu argent\u00e9e.  Sans sulfite.","og_url":"https:\/\/regischocolatier.chocolats.net\/en\/product\/marrons-glaces-2\/","og_site_name":"REGIS CHOCOLATERIE","article_modified_time":"2026-01-24T03:53:40+00:00","og_image":[{"width":2500,"height":1667,"url":"https:\/\/regischocolatier.chocolats.net\/wp-content\/uploads\/2020\/11\/MARRONS-GLACES-3.jpg","type":"image\/jpeg"}],"twitter_card":"summary_large_image","schema":{"@context":"https:\/\/schema.org","@graph":[{"@type":"WebPage","@id":"https:\/\/regischocolatier.chocolats.net\/produit\/marrons-glaces-2\/","url":"https:\/\/regischocolatier.chocolats.net\/produit\/marrons-glaces-2\/","name":"Marrons glac\u00e9s - REGIS CHOCOLATERIE","isPartOf":{"@id":"https:\/\/regischocolatier.chocolats.net\/#website"},"primaryImageOfPage":{"@id":"https:\/\/regischocolatier.chocolats.net\/produit\/marrons-glaces-2\/#primaryimage"},"image":{"@id":"https:\/\/regischocolatier.chocolats.net\/produit\/marrons-glaces-2\/#primaryimage"},"thumbnailUrl":"https:\/\/regischocolatier.chocolats.net\/wp-content\/uploads\/2020\/11\/MARRONS-GLACES-3.jpg","datePublished":"2020-11-09T09:28:52+00:00","dateModified":"2026-01-24T03:53:40+00:00","breadcrumb":{"@id":"https:\/\/regischocolatier.chocolats.net\/produit\/marrons-glaces-2\/#breadcrumb"},"inLanguage":"en-GB","potentialAction":[{"@type":"ReadAction","target":["https:\/\/regischocolatier.chocolats.net\/produit\/marrons-glaces-2\/"]}]},{"@type":"ImageObject","inLanguage":"en-GB","@id":"https:\/\/regischocolatier.chocolats.net\/produit\/marrons-glaces-2\/#primaryimage","url":"https:\/\/regischocolatier.chocolats.net\/wp-content\/uploads\/2020\/11\/MARRONS-GLACES-3.jpg","contentUrl":"https:\/\/regischocolatier.chocolats.net\/wp-content\/uploads\/2020\/11\/MARRONS-GLACES-3.jpg","width":2500,"height":1667},{"@type":"BreadcrumbList","@id":"https:\/\/regischocolatier.chocolats.net\/produit\/marrons-glaces-2\/#breadcrumb","itemListElement":[{"@type":"ListItem","position":1,"name":"Home","item":"https:\/\/regischocolatier.chocolats.net\/"},{"@type":"ListItem","position":2,"name":"La Boutique","item":"https:\/\/regischocolatier.chocolats.net\/shop\/"},{"@type":"ListItem","position":3,"name":"Marrons glac\u00e9s"}]},{"@type":"WebSite","@id":"https:\/\/regischocolatier.chocolats.net\/#website","url":"https:\/\/regischocolatier.chocolats.net\/","name":"REGIS CHOCOLATERIE","description":"REGIS chocolatier, ma\u00eetre chocolatier depuis plus de 70 ans.","potentialAction":[{"@type":"SearchAction","target":{"@type":"EntryPoint","urlTemplate":"https:\/\/regischocolatier.chocolats.net\/?s={search_term_string}"},"query-input":{"@type":"PropertyValueSpecification","valueRequired":true,"valueName":"search_term_string"}}],"inLanguage":"en-GB"}]}},"_links":{"self":[{"href":"https:\/\/regischocolatier.chocolats.net\/en\/wp-json\/wp\/v2\/product\/3040","targetHints":{"allow":["GET"]}}],"collection":[{"href":"https:\/\/regischocolatier.chocolats.net\/en\/wp-json\/wp\/v2\/product"}],"about":[{"href":"https:\/\/regischocolatier.chocolats.net\/en\/wp-json\/wp\/v2\/types\/product"}],"wp:featuredmedia":[{"embeddable":true,"href":"https:\/\/regischocolatier.chocolats.net\/en\/wp-json\/wp\/v2\/media\/3194"}],"wp:attachment":[{"href":"https:\/\/regischocolatier.chocolats.net\/en\/wp-json\/wp\/v2\/media?parent=3040"}],"wp:term":[{"taxonomy":"product_cat","embeddable":true,"href":"https:\/\/regischocolatier.chocolats.net\/en\/wp-json\/wp\/v2\/product_cat?post=3040"},{"taxonomy":"product_tag","embeddable":true,"href":"https:\/\/regischocolatier.chocolats.net\/en\/wp-json\/wp\/v2\/product_tag?post=3040"}],"curies":[{"name":"wp","href":"https:\/\/api.w.org\/{rel}","templated":true}]}}