{"id":2829,"date":"2020-11-03T14:19:19","date_gmt":"2020-11-03T13:19:19","guid":{"rendered":"http:\/\/regischoco.com\/?post_type=product&#038;p=2829"},"modified":"2024-09-03T10:43:58","modified_gmt":"2024-09-03T08:43:58","slug":"grains-de-cafe","status":"publish","type":"product","link":"https:\/\/regischocolatier.chocolats.net\/en\/product\/grains-de-cafe\/","title":{"rendered":"Grains de caf\u00e9"},"content":{"rendered":"<p>Chocolat parfum\u00e9 au caf\u00e9 en forme de grains de caf\u00e9.<\/p>\n<p>Pochette de 200 gr.<\/p>","protected":false},"excerpt":{"rendered":"<p>Chocolat parfum\u00e9 au caf\u00e9 en forme de grains de caf\u00e9.<\/p>\n<p>Pochette de 200 gr.<\/p>\n[maxbutton id=\"2\" ]\n","protected":false},"featured_media":3267,"template":"","meta":[],"product_cat":[33],"product_tag":[],"class_list":{"0":"post-2829","1":"product","2":"type-product","3":"status-publish","4":"has-post-thumbnail","6":"product_cat-confiserie","7":"product_shipping_class-colissimo","9":"first","10":"instock","11":"taxable","12":"shipping-taxable","13":"purchasable","14":"product-type-simple"},"yoast_head":"<!-- This site is optimized with the Yoast SEO plugin v23.5 - https:\/\/yoast.com\/wordpress\/plugins\/seo\/ -->\n<title>Grains de caf\u00e9 - REGIS CHOCOLATERIE<\/title>\n<meta name=\"robots\" content=\"index, follow, max-snippet:-1, max-image-preview:large, max-video-preview:-1\" \/>\n<link rel=\"canonical\" href=\"https:\/\/regischocolatier.chocolats.net\/en\/product\/grains-de-cafe\/\" \/>\n<meta property=\"og:locale\" content=\"en_GB\" \/>\n<meta property=\"og:type\" content=\"article\" \/>\n<meta property=\"og:title\" content=\"Grains de caf\u00e9 - REGIS CHOCOLATERIE\" \/>\n<meta property=\"og:description\" content=\"Chocolat parfum\u00e9 au caf\u00e9 en forme de grains de caf\u00e9.  Pochette de 200 gr.\" \/>\n<meta property=\"og:url\" content=\"https:\/\/regischocolatier.chocolats.net\/en\/product\/grains-de-cafe\/\" \/>\n<meta property=\"og:site_name\" content=\"REGIS CHOCOLATERIE\" \/>\n<meta property=\"article:modified_time\" content=\"2024-09-03T08:43:58+00:00\" \/>\n<meta property=\"og:image\" content=\"https:\/\/regischocolatier.chocolats.net\/wp-content\/uploads\/2020\/11\/GRAINS-DE-CAFE.jpg\" \/>\n\t<meta property=\"og:image:width\" content=\"1667\" \/>\n\t<meta property=\"og:image:height\" content=\"2500\" \/>\n\t<meta property=\"og:image:type\" content=\"image\/jpeg\" \/>\n<meta name=\"twitter:card\" content=\"summary_large_image\" \/>\n<script type=\"application\/ld+json\" class=\"yoast-schema-graph\">{\"@context\":\"https:\/\/schema.org\",\"@graph\":[{\"@type\":\"WebPage\",\"@id\":\"https:\/\/regischocolatier.chocolats.net\/produit\/grains-de-cafe\/\",\"url\":\"https:\/\/regischocolatier.chocolats.net\/produit\/grains-de-cafe\/\",\"name\":\"Grains de caf\u00e9 - REGIS CHOCOLATERIE\",\"isPartOf\":{\"@id\":\"https:\/\/regischocolatier.chocolats.net\/#website\"},\"primaryImageOfPage\":{\"@id\":\"https:\/\/regischocolatier.chocolats.net\/produit\/grains-de-cafe\/#primaryimage\"},\"image\":{\"@id\":\"https:\/\/regischocolatier.chocolats.net\/produit\/grains-de-cafe\/#primaryimage\"},\"thumbnailUrl\":\"https:\/\/regischocolatier.chocolats.net\/wp-content\/uploads\/2020\/11\/GRAINS-DE-CAFE.jpg\",\"datePublished\":\"2020-11-03T13:19:19+00:00\",\"dateModified\":\"2024-09-03T08:43:58+00:00\",\"breadcrumb\":{\"@id\":\"https:\/\/regischocolatier.chocolats.net\/produit\/grains-de-cafe\/#breadcrumb\"},\"inLanguage\":\"en-GB\",\"potentialAction\":[{\"@type\":\"ReadAction\",\"target\":[\"https:\/\/regischocolatier.chocolats.net\/produit\/grains-de-cafe\/\"]}]},{\"@type\":\"ImageObject\",\"inLanguage\":\"en-GB\",\"@id\":\"https:\/\/regischocolatier.chocolats.net\/produit\/grains-de-cafe\/#primaryimage\",\"url\":\"https:\/\/regischocolatier.chocolats.net\/wp-content\/uploads\/2020\/11\/GRAINS-DE-CAFE.jpg\",\"contentUrl\":\"https:\/\/regischocolatier.chocolats.net\/wp-content\/uploads\/2020\/11\/GRAINS-DE-CAFE.jpg\",\"width\":1667,\"height\":2500},{\"@type\":\"BreadcrumbList\",\"@id\":\"https:\/\/regischocolatier.chocolats.net\/produit\/grains-de-cafe\/#breadcrumb\",\"itemListElement\":[{\"@type\":\"ListItem\",\"position\":1,\"name\":\"Home\",\"item\":\"https:\/\/regischocolatier.chocolats.net\/\"},{\"@type\":\"ListItem\",\"position\":2,\"name\":\"La Boutique\",\"item\":\"https:\/\/regischocolatier.chocolats.net\/shop\/\"},{\"@type\":\"ListItem\",\"position\":3,\"name\":\"Grains de caf\u00e9\"}]},{\"@type\":\"WebSite\",\"@id\":\"https:\/\/regischocolatier.chocolats.net\/#website\",\"url\":\"https:\/\/regischocolatier.chocolats.net\/\",\"name\":\"REGIS CHOCOLATERIE\",\"description\":\"REGIS chocolatier, ma\u00eetre chocolatier depuis plus de 70 ans.\",\"potentialAction\":[{\"@type\":\"SearchAction\",\"target\":{\"@type\":\"EntryPoint\",\"urlTemplate\":\"https:\/\/regischocolatier.chocolats.net\/?s={search_term_string}\"},\"query-input\":{\"@type\":\"PropertyValueSpecification\",\"valueRequired\":true,\"valueName\":\"search_term_string\"}}],\"inLanguage\":\"en-GB\"}]}<\/script>\n<!-- \/ Yoast SEO plugin. -->","yoast_head_json":{"title":"Grains de caf\u00e9 - REGIS CHOCOLATERIE","robots":{"index":"index","follow":"follow","max-snippet":"max-snippet:-1","max-image-preview":"max-image-preview:large","max-video-preview":"max-video-preview:-1"},"canonical":"https:\/\/regischocolatier.chocolats.net\/en\/product\/grains-de-cafe\/","og_locale":"en_GB","og_type":"article","og_title":"Grains de caf\u00e9 - REGIS CHOCOLATERIE","og_description":"Chocolat parfum\u00e9 au caf\u00e9 en forme de grains de caf\u00e9.  Pochette de 200 gr.","og_url":"https:\/\/regischocolatier.chocolats.net\/en\/product\/grains-de-cafe\/","og_site_name":"REGIS CHOCOLATERIE","article_modified_time":"2024-09-03T08:43:58+00:00","og_image":[{"width":1667,"height":2500,"url":"https:\/\/regischocolatier.chocolats.net\/wp-content\/uploads\/2020\/11\/GRAINS-DE-CAFE.jpg","type":"image\/jpeg"}],"twitter_card":"summary_large_image","schema":{"@context":"https:\/\/schema.org","@graph":[{"@type":"WebPage","@id":"https:\/\/regischocolatier.chocolats.net\/produit\/grains-de-cafe\/","url":"https:\/\/regischocolatier.chocolats.net\/produit\/grains-de-cafe\/","name":"Grains de caf\u00e9 - REGIS CHOCOLATERIE","isPartOf":{"@id":"https:\/\/regischocolatier.chocolats.net\/#website"},"primaryImageOfPage":{"@id":"https:\/\/regischocolatier.chocolats.net\/produit\/grains-de-cafe\/#primaryimage"},"image":{"@id":"https:\/\/regischocolatier.chocolats.net\/produit\/grains-de-cafe\/#primaryimage"},"thumbnailUrl":"https:\/\/regischocolatier.chocolats.net\/wp-content\/uploads\/2020\/11\/GRAINS-DE-CAFE.jpg","datePublished":"2020-11-03T13:19:19+00:00","dateModified":"2024-09-03T08:43:58+00:00","breadcrumb":{"@id":"https:\/\/regischocolatier.chocolats.net\/produit\/grains-de-cafe\/#breadcrumb"},"inLanguage":"en-GB","potentialAction":[{"@type":"ReadAction","target":["https:\/\/regischocolatier.chocolats.net\/produit\/grains-de-cafe\/"]}]},{"@type":"ImageObject","inLanguage":"en-GB","@id":"https:\/\/regischocolatier.chocolats.net\/produit\/grains-de-cafe\/#primaryimage","url":"https:\/\/regischocolatier.chocolats.net\/wp-content\/uploads\/2020\/11\/GRAINS-DE-CAFE.jpg","contentUrl":"https:\/\/regischocolatier.chocolats.net\/wp-content\/uploads\/2020\/11\/GRAINS-DE-CAFE.jpg","width":1667,"height":2500},{"@type":"BreadcrumbList","@id":"https:\/\/regischocolatier.chocolats.net\/produit\/grains-de-cafe\/#breadcrumb","itemListElement":[{"@type":"ListItem","position":1,"name":"Home","item":"https:\/\/regischocolatier.chocolats.net\/"},{"@type":"ListItem","position":2,"name":"La Boutique","item":"https:\/\/regischocolatier.chocolats.net\/shop\/"},{"@type":"ListItem","position":3,"name":"Grains de caf\u00e9"}]},{"@type":"WebSite","@id":"https:\/\/regischocolatier.chocolats.net\/#website","url":"https:\/\/regischocolatier.chocolats.net\/","name":"REGIS CHOCOLATERIE","description":"REGIS chocolatier, ma\u00eetre chocolatier depuis plus de 70 ans.","potentialAction":[{"@type":"SearchAction","target":{"@type":"EntryPoint","urlTemplate":"https:\/\/regischocolatier.chocolats.net\/?s={search_term_string}"},"query-input":{"@type":"PropertyValueSpecification","valueRequired":true,"valueName":"search_term_string"}}],"inLanguage":"en-GB"}]}},"_links":{"self":[{"href":"https:\/\/regischocolatier.chocolats.net\/en\/wp-json\/wp\/v2\/product\/2829","targetHints":{"allow":["GET"]}}],"collection":[{"href":"https:\/\/regischocolatier.chocolats.net\/en\/wp-json\/wp\/v2\/product"}],"about":[{"href":"https:\/\/regischocolatier.chocolats.net\/en\/wp-json\/wp\/v2\/types\/product"}],"wp:featuredmedia":[{"embeddable":true,"href":"https:\/\/regischocolatier.chocolats.net\/en\/wp-json\/wp\/v2\/media\/3267"}],"wp:attachment":[{"href":"https:\/\/regischocolatier.chocolats.net\/en\/wp-json\/wp\/v2\/media?parent=2829"}],"wp:term":[{"taxonomy":"product_cat","embeddable":true,"href":"https:\/\/regischocolatier.chocolats.net\/en\/wp-json\/wp\/v2\/product_cat?post=2829"},{"taxonomy":"product_tag","embeddable":true,"href":"https:\/\/regischocolatier.chocolats.net\/en\/wp-json\/wp\/v2\/product_tag?post=2829"}],"curies":[{"name":"wp","href":"https:\/\/api.w.org\/{rel}","templated":true}]}}