{"id":2777,"date":"2020-11-03T12:18:35","date_gmt":"2020-11-03T11:18:35","guid":{"rendered":"http:\/\/regischoco.com\/?post_type=product&#038;p=2777"},"modified":"2026-01-02T09:31:51","modified_gmt":"2026-01-02T08:31:51","slug":"bouchee-praline-rocher-noisette","status":"publish","type":"product","link":"https:\/\/regischocolatier.chocolats.net\/en\/product\/bouchee-praline-rocher-noisette\/","title":{"rendered":"Bouch\u00e9e Pralin\u00e9 Rocher Noisette"},"content":{"rendered":"<p>Pralin\u00e9 noisette enrob\u00e9 de chocolat noir ou lait.<\/p>\n<p>Les bouch\u00e9es sont des pi\u00e8ces d&#8217;environ 40 gr.<\/p>","protected":false},"excerpt":{"rendered":"<p>Pralin\u00e9 noisette enrob\u00e9 de chocolat noir ou lait.<\/p>\n<p>Les bouch\u00e9es sont des pi\u00e8ces d&#8217;environ 40 gr.<\/p>\n[maxbutton id=\"2\" ]\n","protected":false},"featured_media":3350,"template":"","meta":[],"product_cat":[32,45,153],"product_tag":[],"class_list":{"0":"post-2777","1":"product","2":"type-product","3":"status-publish","4":"has-post-thumbnail","6":"product_cat-chocolat","7":"product_cat-les-bouchees-gourmandes","8":"product_cat-paques","9":"product_shipping_class-colissimo","11":"first","12":"instock","13":"taxable","14":"shipping-taxable","15":"purchasable","16":"product-type-variable","17":"has-default-attributes"},"yoast_head":"<!-- This site is optimized with the Yoast SEO plugin v23.5 - https:\/\/yoast.com\/wordpress\/plugins\/seo\/ -->\n<title>Bouch\u00e9e Pralin\u00e9 Rocher Noisette - REGIS CHOCOLATERIE<\/title>\n<meta name=\"robots\" content=\"index, follow, max-snippet:-1, max-image-preview:large, max-video-preview:-1\" \/>\n<link rel=\"canonical\" href=\"https:\/\/regischocolatier.chocolats.net\/en\/product\/bouchee-praline-rocher-noisette\/\" \/>\n<meta property=\"og:locale\" content=\"en_GB\" \/>\n<meta property=\"og:type\" content=\"article\" \/>\n<meta property=\"og:title\" content=\"Bouch\u00e9e Pralin\u00e9 Rocher Noisette - REGIS CHOCOLATERIE\" \/>\n<meta property=\"og:description\" content=\"Pralin\u00e9 noisette enrob\u00e9 de chocolat noir ou lait.  Les bouch\u00e9es sont des pi\u00e8ces d&#039;environ 40 gr.\" \/>\n<meta property=\"og:url\" content=\"https:\/\/regischocolatier.chocolats.net\/en\/product\/bouchee-praline-rocher-noisette\/\" \/>\n<meta property=\"og:site_name\" content=\"REGIS CHOCOLATERIE\" \/>\n<meta property=\"article:modified_time\" content=\"2026-01-02T08:31:51+00:00\" \/>\n<meta property=\"og:image\" content=\"https:\/\/regischocolatier.chocolats.net\/wp-content\/uploads\/2020\/11\/SB-13217-BOUCHEE-PRALINEE-ROCHER-NOISETTE-LAIT.jpg\" \/>\n\t<meta property=\"og:image:width\" content=\"2500\" \/>\n\t<meta property=\"og:image:height\" content=\"1648\" \/>\n\t<meta property=\"og:image:type\" content=\"image\/jpeg\" \/>\n<meta name=\"twitter:card\" content=\"summary_large_image\" \/>\n<meta name=\"twitter:label1\" content=\"Estimated reading time\" \/>\n\t<meta name=\"twitter:data1\" content=\"1 minute\" \/>\n<script type=\"application\/ld+json\" class=\"yoast-schema-graph\">{\"@context\":\"https:\/\/schema.org\",\"@graph\":[{\"@type\":\"WebPage\",\"@id\":\"https:\/\/regischocolatier.chocolats.net\/produit\/bouchee-praline-rocher-noisette\/\",\"url\":\"https:\/\/regischocolatier.chocolats.net\/produit\/bouchee-praline-rocher-noisette\/\",\"name\":\"Bouch\u00e9e Pralin\u00e9 Rocher Noisette - REGIS CHOCOLATERIE\",\"isPartOf\":{\"@id\":\"https:\/\/regischocolatier.chocolats.net\/#website\"},\"primaryImageOfPage\":{\"@id\":\"https:\/\/regischocolatier.chocolats.net\/produit\/bouchee-praline-rocher-noisette\/#primaryimage\"},\"image\":{\"@id\":\"https:\/\/regischocolatier.chocolats.net\/produit\/bouchee-praline-rocher-noisette\/#primaryimage\"},\"thumbnailUrl\":\"https:\/\/regischocolatier.chocolats.net\/wp-content\/uploads\/2020\/11\/SB-13217-BOUCHEE-PRALINEE-ROCHER-NOISETTE-LAIT.jpg\",\"datePublished\":\"2020-11-03T11:18:35+00:00\",\"dateModified\":\"2026-01-02T08:31:51+00:00\",\"breadcrumb\":{\"@id\":\"https:\/\/regischocolatier.chocolats.net\/produit\/bouchee-praline-rocher-noisette\/#breadcrumb\"},\"inLanguage\":\"en-GB\",\"potentialAction\":[{\"@type\":\"ReadAction\",\"target\":[\"https:\/\/regischocolatier.chocolats.net\/produit\/bouchee-praline-rocher-noisette\/\"]}]},{\"@type\":\"ImageObject\",\"inLanguage\":\"en-GB\",\"@id\":\"https:\/\/regischocolatier.chocolats.net\/produit\/bouchee-praline-rocher-noisette\/#primaryimage\",\"url\":\"https:\/\/regischocolatier.chocolats.net\/wp-content\/uploads\/2020\/11\/SB-13217-BOUCHEE-PRALINEE-ROCHER-NOISETTE-LAIT.jpg\",\"contentUrl\":\"https:\/\/regischocolatier.chocolats.net\/wp-content\/uploads\/2020\/11\/SB-13217-BOUCHEE-PRALINEE-ROCHER-NOISETTE-LAIT.jpg\",\"width\":2500,\"height\":1648},{\"@type\":\"BreadcrumbList\",\"@id\":\"https:\/\/regischocolatier.chocolats.net\/produit\/bouchee-praline-rocher-noisette\/#breadcrumb\",\"itemListElement\":[{\"@type\":\"ListItem\",\"position\":1,\"name\":\"Home\",\"item\":\"https:\/\/regischocolatier.chocolats.net\/\"},{\"@type\":\"ListItem\",\"position\":2,\"name\":\"La Boutique\",\"item\":\"https:\/\/regischocolatier.chocolats.net\/shop\/\"},{\"@type\":\"ListItem\",\"position\":3,\"name\":\"Bouch\u00e9e Pralin\u00e9 Rocher Noisette\"}]},{\"@type\":\"WebSite\",\"@id\":\"https:\/\/regischocolatier.chocolats.net\/#website\",\"url\":\"https:\/\/regischocolatier.chocolats.net\/\",\"name\":\"REGIS CHOCOLATERIE\",\"description\":\"REGIS chocolatier, ma\u00eetre chocolatier depuis plus de 70 ans.\",\"potentialAction\":[{\"@type\":\"SearchAction\",\"target\":{\"@type\":\"EntryPoint\",\"urlTemplate\":\"https:\/\/regischocolatier.chocolats.net\/?s={search_term_string}\"},\"query-input\":{\"@type\":\"PropertyValueSpecification\",\"valueRequired\":true,\"valueName\":\"search_term_string\"}}],\"inLanguage\":\"en-GB\"}]}<\/script>\n<!-- \/ Yoast SEO plugin. -->","yoast_head_json":{"title":"Bouch\u00e9e Pralin\u00e9 Rocher Noisette - REGIS CHOCOLATERIE","robots":{"index":"index","follow":"follow","max-snippet":"max-snippet:-1","max-image-preview":"max-image-preview:large","max-video-preview":"max-video-preview:-1"},"canonical":"https:\/\/regischocolatier.chocolats.net\/en\/product\/bouchee-praline-rocher-noisette\/","og_locale":"en_GB","og_type":"article","og_title":"Bouch\u00e9e Pralin\u00e9 Rocher Noisette - REGIS CHOCOLATERIE","og_description":"Pralin\u00e9 noisette enrob\u00e9 de chocolat noir ou lait.  Les bouch\u00e9es sont des pi\u00e8ces d'environ 40 gr.","og_url":"https:\/\/regischocolatier.chocolats.net\/en\/product\/bouchee-praline-rocher-noisette\/","og_site_name":"REGIS CHOCOLATERIE","article_modified_time":"2026-01-02T08:31:51+00:00","og_image":[{"width":2500,"height":1648,"url":"https:\/\/regischocolatier.chocolats.net\/wp-content\/uploads\/2020\/11\/SB-13217-BOUCHEE-PRALINEE-ROCHER-NOISETTE-LAIT.jpg","type":"image\/jpeg"}],"twitter_card":"summary_large_image","twitter_misc":{"Estimated reading time":"1 minute"},"schema":{"@context":"https:\/\/schema.org","@graph":[{"@type":"WebPage","@id":"https:\/\/regischocolatier.chocolats.net\/produit\/bouchee-praline-rocher-noisette\/","url":"https:\/\/regischocolatier.chocolats.net\/produit\/bouchee-praline-rocher-noisette\/","name":"Bouch\u00e9e Pralin\u00e9 Rocher Noisette - REGIS CHOCOLATERIE","isPartOf":{"@id":"https:\/\/regischocolatier.chocolats.net\/#website"},"primaryImageOfPage":{"@id":"https:\/\/regischocolatier.chocolats.net\/produit\/bouchee-praline-rocher-noisette\/#primaryimage"},"image":{"@id":"https:\/\/regischocolatier.chocolats.net\/produit\/bouchee-praline-rocher-noisette\/#primaryimage"},"thumbnailUrl":"https:\/\/regischocolatier.chocolats.net\/wp-content\/uploads\/2020\/11\/SB-13217-BOUCHEE-PRALINEE-ROCHER-NOISETTE-LAIT.jpg","datePublished":"2020-11-03T11:18:35+00:00","dateModified":"2026-01-02T08:31:51+00:00","breadcrumb":{"@id":"https:\/\/regischocolatier.chocolats.net\/produit\/bouchee-praline-rocher-noisette\/#breadcrumb"},"inLanguage":"en-GB","potentialAction":[{"@type":"ReadAction","target":["https:\/\/regischocolatier.chocolats.net\/produit\/bouchee-praline-rocher-noisette\/"]}]},{"@type":"ImageObject","inLanguage":"en-GB","@id":"https:\/\/regischocolatier.chocolats.net\/produit\/bouchee-praline-rocher-noisette\/#primaryimage","url":"https:\/\/regischocolatier.chocolats.net\/wp-content\/uploads\/2020\/11\/SB-13217-BOUCHEE-PRALINEE-ROCHER-NOISETTE-LAIT.jpg","contentUrl":"https:\/\/regischocolatier.chocolats.net\/wp-content\/uploads\/2020\/11\/SB-13217-BOUCHEE-PRALINEE-ROCHER-NOISETTE-LAIT.jpg","width":2500,"height":1648},{"@type":"BreadcrumbList","@id":"https:\/\/regischocolatier.chocolats.net\/produit\/bouchee-praline-rocher-noisette\/#breadcrumb","itemListElement":[{"@type":"ListItem","position":1,"name":"Home","item":"https:\/\/regischocolatier.chocolats.net\/"},{"@type":"ListItem","position":2,"name":"La Boutique","item":"https:\/\/regischocolatier.chocolats.net\/shop\/"},{"@type":"ListItem","position":3,"name":"Bouch\u00e9e Pralin\u00e9 Rocher Noisette"}]},{"@type":"WebSite","@id":"https:\/\/regischocolatier.chocolats.net\/#website","url":"https:\/\/regischocolatier.chocolats.net\/","name":"REGIS CHOCOLATERIE","description":"REGIS chocolatier, ma\u00eetre chocolatier depuis plus de 70 ans.","potentialAction":[{"@type":"SearchAction","target":{"@type":"EntryPoint","urlTemplate":"https:\/\/regischocolatier.chocolats.net\/?s={search_term_string}"},"query-input":{"@type":"PropertyValueSpecification","valueRequired":true,"valueName":"search_term_string"}}],"inLanguage":"en-GB"}]}},"_links":{"self":[{"href":"https:\/\/regischocolatier.chocolats.net\/en\/wp-json\/wp\/v2\/product\/2777","targetHints":{"allow":["GET"]}}],"collection":[{"href":"https:\/\/regischocolatier.chocolats.net\/en\/wp-json\/wp\/v2\/product"}],"about":[{"href":"https:\/\/regischocolatier.chocolats.net\/en\/wp-json\/wp\/v2\/types\/product"}],"wp:featuredmedia":[{"embeddable":true,"href":"https:\/\/regischocolatier.chocolats.net\/en\/wp-json\/wp\/v2\/media\/3350"}],"wp:attachment":[{"href":"https:\/\/regischocolatier.chocolats.net\/en\/wp-json\/wp\/v2\/media?parent=2777"}],"wp:term":[{"taxonomy":"product_cat","embeddable":true,"href":"https:\/\/regischocolatier.chocolats.net\/en\/wp-json\/wp\/v2\/product_cat?post=2777"},{"taxonomy":"product_tag","embeddable":true,"href":"https:\/\/regischocolatier.chocolats.net\/en\/wp-json\/wp\/v2\/product_tag?post=2777"}],"curies":[{"name":"wp","href":"https:\/\/api.w.org\/{rel}","templated":true}]}}