{"id":6363,"date":"2022-11-18T10:15:30","date_gmt":"2022-11-18T09:15:30","guid":{"rendered":"https:\/\/regischocolatier.chocolats.net\/?page_id=6363"},"modified":"2023-01-05T12:02:17","modified_gmt":"2023-01-05T11:02:17","slug":"meilleur-chocolatier-strasbourgold","status":"publish","type":"page","link":"https:\/\/regischocolatier.chocolats.net\/en\/meilleur-chocolatier-strasbourgold\/","title":{"rendered":"Meilleur Chocolatier Strasbourg_OLD"},"content":{"rendered":"<h1>R\u00e9gis Chocolatier, le meilleur chocolatier \u00e0 Strasbourg<\/h1>\n<p>strasbourg<\/p>\n<p><a href=\"https:\/\/fr-fr.facebook.com\/people\/Regis-Chocolatier\/100047539521524\/\" target=\"_blank\" rel=\"noopener\"><br \/>\nFacebook-f<br \/>\n<\/a><br \/>\n<a href=\"https:\/\/www.instagram.com\/regischocolatier\/?hl=fr\" target=\"_blank\" rel=\"noopener\"><br \/>\nInstagram<br \/>\n<\/a><\/p>\n<p>n&#8217;h\u00e9sitez pas \u00e0 nous contacter<\/p>\n<h3>Livraison en 48H<\/h3>\n<ul>\n<li data-role=\"parent\">Chocolat<\/li>\n<\/ul>\n<section data-settings=\"{&quot;layout&quot;:&quot;list&quot;,&quot;columns_desktop&quot;:3,&quot;gutter_hr&quot;:20,&quot;gutter_vr&quot;:30,&quot;animation&quot;:&quot;default&quot;,&quot;animation_duration&quot;:0.3,&quot;animation_delay&quot;:0.1,&quot;deeplinking&quot;:&quot;&quot;,&quot;filters_linkable&quot;:&quot;no&quot;,&quot;filters_default_filter&quot;:&quot;&quot;,&quot;filters_count&quot;:&quot;&quot;,&quot;filters_hide_empty&quot;:&quot;no&quot;,&quot;filters_animation&quot;:&quot;default&quot;,&quot;filters_animation_duration&quot;:0.3,&quot;filters_animation_delay&quot;:0.1,&quot;pagination_type&quot;:&quot;load-more&quot;,&quot;pagination_max_pages&quot;:17,&quot;media_align&quot;:&quot;left&quot;,&quot;media_width&quot;:30,&quot;media_distance&quot;:20,&quot;lightbox&quot;:{&quot;selector&quot;:&quot;.wpr-grid-image-wrap&quot;,&quot;iframeMaxWidth&quot;:&quot;60%&quot;,&quot;hash&quot;:false,&quot;autoplay&quot;:&quot;true&quot;,&quot;pause&quot;:5000,&quot;progressBar&quot;:&quot;true&quot;,&quot;counter&quot;:&quot;true&quot;,&quot;controls&quot;:&quot;true&quot;,&quot;getCaptionFromTitleOrAlt&quot;:&quot;true&quot;,&quot;thumbnail&quot;:&quot;&quot;,&quot;showThumbByDefault&quot;:&quot;&quot;,&quot;share&quot;:&quot;&quot;,&quot;zoom&quot;:&quot;true&quot;,&quot;fullScreen&quot;:&quot;true&quot;,&quot;download&quot;:&quot;true&quot;}}\" data-found-posts=\"50\">\n<article><img decoding=\"async\" src=\"https:\/\/regischocolatier.chocolats.net\/wp-content\/uploads\/2021\/03\/500-g-460x460.jpg\" alt=\"Boite d\u2019assortiment 500gr de chocolats noirs et au lait\" \/><\/p>\n<h3><a href=\"https:\/\/regischocolatier.chocolats.net\/en\/?post_type=product&amp;p=5465\">Boite d\u2019assortiment 500gr de chocolats noirs et au lait<\/a><\/h3>\n<p>59.00\u20ac<\/p>\n<\/article>\n<article><img decoding=\"async\" src=\"https:\/\/regischocolatier.chocolats.net\/wp-content\/uploads\/2021\/03\/BE32FB39-F975-4C61-B96E-76F1982C058E-460x460.jpeg\" alt=\"Bo\u00eete P\u00e2ques assortiment de chocolats noirs avec alcool\" \/><\/p>\n<h3><a href=\"https:\/\/regischocolatier.chocolats.net\/en\/?post_type=product&amp;p=5431\">Bo\u00eete P\u00e2ques assortiment de chocolats noirs avec alcool<\/a><\/h3>\n<p>A partir de 29.50\u20ac<\/p>\n<\/article>\n<article><img decoding=\"async\" src=\"https:\/\/regischocolatier.chocolats.net\/wp-content\/uploads\/2021\/01\/IMG_1449-scaled-e1611139351582-460x460.jpg\" alt=\"Bo\u00eete assortiment de chocolats noirs et au lait sans alcool\" \/><\/p>\n<h3><a href=\"https:\/\/regischocolatier.chocolats.net\/en\/?post_type=product&amp;p=5424\">Bo\u00eete assortiment de chocolats noirs et au lait sans alcool<\/a><\/h3>\n<p>A partir de 29.50\u20ac<\/p>\n<\/article>\n<\/section>\n<h2>Profitez du meilleur chocolatier \u00e0 Strabourg pour No\u00ebl<\/h2>\n<p>Les <strong>f\u00eates de fin d&#8217;ann\u00e9e<\/strong> approchent \u00e0 grands pas et vous commencez \u00e0 vous demander o\u00f9 trouver des <strong>ballotins<\/strong> de chocolats, des <strong>marrons glac\u00e9s<\/strong> et des tr\u00e9sors pour les <strong>papilles<\/strong> en <strong>Alsace\u00a0<\/strong>ailleurs que sur le traditionnel march\u00e9 de No\u00ebl !<\/p>\n<p>Faites appel au <strong>meilleur chocolatier \u00e0 Strasbourg 67000<\/strong>\u00a0et<a href=\"\/en\/\"> chocolatier \u00e0 Paris<\/a> pour vous faire livrer des <strong>plaisirs<\/strong> gourmands pour les f\u00eates et tout au long de l&#8217;ann\u00e9e. <strong>REGIS Chocolatier<\/strong> vous propose de vous faire d\u00e9couvrir son univers cr\u00e9atif enti\u00e8rement d\u00e9di\u00e9 aux gourmandises chocolat\u00e9es.<\/p>\n<p>Bien que la saison soit propice aux <strong>c\u00e9l\u00e9brations<\/strong> de fin d&#8217;ann\u00e9e et aux <strong>cadeaux<\/strong> pour vos proches, il existe mille et une raisons et occasions de choisir d&#8217;<strong>offrir<\/strong> ou de se faire plaisir avec du <strong>chocolat<\/strong>. <strong>F\u00eates<\/strong> en <strong>famille, anniversaires, bapt\u00eames, cadeau d&#8217;affaires en entreprise<\/strong>, r\u00e9unions entre <strong>amis<\/strong> pour le jour de l&#8217;An <strong>2023<\/strong>, autant de moments id\u00e9aux pour <strong>offrir<\/strong> et d\u00e9guster tout un <strong>assortiment<\/strong> de <strong>d\u00e9licieux bonbons<\/strong> au <strong>chocolat noir, ganache cacao, chocolat au lait et noisettes, caramels, amandes et pralin\u00e9s&#8230;<\/strong><\/p>\n<h3>Commandez<\/h3>\n<p>Laissez vous tenter<\/p>\n<p><a role=\"button\" href=\"https:\/\/regischocolatier.chocolats.net\/en\/shop\/?v=11aedd0e4327\"><br \/>\ngoutez<br \/>\n<\/a><\/p>\n<ul>\n<li>Confiserie<\/li>\n<li>Marron glac\u00e9<\/li>\n<\/ul>\n<section data-settings=\"{&quot;layout&quot;:&quot;list&quot;,&quot;columns_desktop&quot;:3,&quot;gutter_hr&quot;:20,&quot;gutter_vr&quot;:30,&quot;animation&quot;:&quot;default&quot;,&quot;animation_duration&quot;:0.3,&quot;animation_delay&quot;:0.1,&quot;deeplinking&quot;:&quot;&quot;,&quot;filters_linkable&quot;:&quot;no&quot;,&quot;filters_default_filter&quot;:&quot;&quot;,&quot;filters_count&quot;:&quot;&quot;,&quot;filters_hide_empty&quot;:&quot;no&quot;,&quot;filters_animation&quot;:&quot;default&quot;,&quot;filters_animation_duration&quot;:0.3,&quot;filters_animation_delay&quot;:0.1,&quot;pagination_type&quot;:&quot;load-more&quot;,&quot;pagination_max_pages&quot;:6,&quot;media_align&quot;:&quot;left&quot;,&quot;media_width&quot;:30,&quot;media_distance&quot;:20,&quot;lightbox&quot;:{&quot;selector&quot;:&quot;.wpr-grid-image-wrap&quot;,&quot;iframeMaxWidth&quot;:&quot;60%&quot;,&quot;hash&quot;:false,&quot;autoplay&quot;:&quot;true&quot;,&quot;pause&quot;:5000,&quot;progressBar&quot;:&quot;true&quot;,&quot;counter&quot;:&quot;true&quot;,&quot;controls&quot;:&quot;true&quot;,&quot;getCaptionFromTitleOrAlt&quot;:&quot;true&quot;,&quot;thumbnail&quot;:&quot;&quot;,&quot;showThumbByDefault&quot;:&quot;&quot;,&quot;share&quot;:&quot;&quot;,&quot;zoom&quot;:&quot;true&quot;,&quot;fullScreen&quot;:&quot;true&quot;,&quot;download&quot;:&quot;true&quot;}}\" data-found-posts=\"16\">\n<article><img decoding=\"async\" src=\"https:\/\/regischocolatier.chocolats.net\/wp-content\/uploads\/2021\/05\/IMG_E4448-460x460.jpg\" alt=\"CARAMEL AUX FRUITS\" \/><\/p>\n<h3><a href=\"https:\/\/regischocolatier.chocolats.net\/en\/?post_type=product&amp;p=4493\">CARAMEL AUX FRUITS<\/a><\/h3>\n<p>11.70\u20ac<\/p>\n<\/article>\n<article><img decoding=\"async\" src=\"https:\/\/regischocolatier.chocolats.net\/wp-content\/uploads\/2020\/12\/PREPARATION-CHATAIGNE-460x460.jpg\" alt=\"Confiture\" \/><\/p>\n<h3><a href=\"https:\/\/regischocolatier.chocolats.net\/en\/?post_type=product&amp;p=3787\">Confiture<\/a><\/h3>\n<p>A partir de 6.30\u20ac<\/p>\n<\/article>\n<article><img decoding=\"async\" src=\"https:\/\/regischocolatier.chocolats.net\/wp-content\/uploads\/2020\/11\/d54a2f6206.jpg\" alt=\"Les Fondants au sucre\" \/><\/p>\n<h3><a href=\"https:\/\/regischocolatier.chocolats.net\/en\/product\/les-fondants-au-sucre\/\">Les Fondants au sucre<\/a><\/h3>\n<p>A partir de 8.25\u20ac<\/p>\n<\/article>\n<\/section>\n<h2>O\u00f9 trouver des cr\u00e9ations de Ma\u00eetre chocolatier dans le Grand Est ?<\/h2>\n<p>Vous souhaitez offrir des <strong>coffrets<\/strong> de <strong>marrons glac\u00e9s<\/strong> ou de chocolats d&#8217;exception \u00e0 vos proches\u00a0? Vous vivez en <strong>Alsace<\/strong> ou ailleurs dans un d\u00e9partement de l&#8217;est de la France\u00a0? Vous ne savez pas o\u00f9 trouver des <strong>chocolats<\/strong> \u00e0 la hauteur de vos exigences et de vos pr\u00e9f\u00e9rences gustatives ?<\/p>\n<p><strong>REGIS Chocolatier<\/strong> vous propose de venir \u00e0 vous en vous faisant profiter de la <strong>livraison<\/strong> de vos <strong>coffrets<\/strong>, bouch\u00e9es de chocolats, marrons glac\u00e9s, citronnettes mais aussi de vos <strong>confiseries<\/strong>, Calissons, lentilles chocolat, nougats et p\u00e2tes de fruits parmi une large gamme de <strong>produits gourmands<\/strong> accessibles \u00e0 <strong>Strasbourg<\/strong> et dans toute la r\u00e9gion.<\/p>\n<p>Si c&#8217;est l&#8217;excellence que vous recherchez et le <strong>meilleur chocolatier \u00e0 Strasbourg<\/strong>, c&#8217;est chez <strong>REGIS Chocolatier<\/strong> que vous trouverez ce qui se fait de mieux en termes de cr\u00e9ations et recettes chocolati\u00e8res. Tous nos chocolats sont fabriqu\u00e9s \u00e0 partir de f\u00e8ves de cacao que nous s\u00e9lectionnons et travaillons nous-m\u00eames \u00e0 partir de plantations certifi\u00e9es 100% grands crus<\/p>\n<h2>Offrez des chocolats<br \/>\nd&#8217;exception<br \/>\n\u00e0 vos proches !<\/h2>\n<p>Du c\u0153ur \u00e0 l&#8217;enrobage de nos <strong>chocolats<\/strong>, nous vous promettons une grande richesse de saveur, un chocolat de haute qualit\u00e9 et toute la passion d&#8217;un <strong>Ma\u00eetre chocolatier<\/strong>. Quelles que soient les recettes qui ont votre pr\u00e9f\u00e9rence, le type de chocolats que vous pl\u00e9biscitez ou le lieu o\u00f9 vous habitez, <strong>REGIS Chocolatier<\/strong>, c&#8217;est une <strong>disponibilit\u00e9<\/strong> imm\u00e9diate de nos <strong>coffrets<\/strong> et <strong>ballotins<\/strong> de chocolats, une livraison dans les meilleurs d\u00e9lais partout dans le <strong>Grand Est<\/strong> et sur le territoire ainsi qu&#8217;une solution de paiement en ligne s\u00e9curis\u00e9.<\/p>\n<p><img loading=\"lazy\" decoding=\"async\" src=\"https:\/\/regischocolatier.chocolats.net\/wp-content\/uploads\/2022\/11\/IMG_1513-scaled-1-300x183.jpg\" sizes=\"auto, (max-width: 300px) 100vw, 300px\" srcset=\"https:\/\/regischocolatier.chocolats.net\/wp-content\/uploads\/2022\/11\/IMG_1513-scaled-1-300x183.jpg 300w, https:\/\/regischocolatier.chocolats.net\/wp-content\/uploads\/2022\/11\/IMG_1513-scaled-1-1024x623.jpg 1024w, https:\/\/regischocolatier.chocolats.net\/wp-content\/uploads\/2022\/11\/IMG_1513-scaled-1-768x467.jpg 768w, https:\/\/regischocolatier.chocolats.net\/wp-content\/uploads\/2022\/11\/IMG_1513-scaled-1-1536x935.jpg 1536w, https:\/\/regischocolatier.chocolats.net\/wp-content\/uploads\/2022\/11\/IMG_1513-scaled-1-2048x1246.jpg 2048w, https:\/\/regischocolatier.chocolats.net\/wp-content\/uploads\/2022\/11\/IMG_1513-scaled-1-1080x657.jpg 1080w\" alt=\"meilleur chocolatier strasbourg\" width=\"300\" height=\"183\" \/><\/p>\n<p>La seule chose qui est de votre ressort est de faire votre choix parmi les nombreuses cr\u00e9ations de chocolats, gourmandises sucr\u00e9es et marrons glac\u00e9s que nous vous proposons pour les f\u00eates de fin d&#8217;ann\u00e9e mais \u00e9galement pour toutes vos c\u00e9l\u00e9brations \u00e0 venir en 2023.<br \/>\n<strong>Offrir des chocolats<\/strong> est une tradition et un plaisir autant pour la personne qui les re\u00e7oit que celle qui les offre\u00a0! Une tradition authentique que vous retrouvez gr\u00e2ce \u00e0 votre <strong>meilleur chocolatier \u00e0 Strasbourg REGIS Chocolatier<\/strong> \u00e0 travers des coffrets et cr\u00e9ations originales de chocolats.<\/p>","protected":false},"excerpt":{"rendered":"<p>R\u00e9gis Chocolatier, le meilleur chocolatier \u00e0 Strasbourg strasbourg Facebook-f Instagram n&#8217;h\u00e9sitez pas \u00e0 nous contacter Livraison en 48H Chocolat Boite d\u2019assortiment 500gr de chocolats noirs et au lait 59.00\u20ac Bo\u00eete P\u00e2ques assortiment de chocolats noirs avec alcool A partir de 29.50\u20ac Bo\u00eete assortiment de chocolats noirs et au lait sans alcool A partir de 29.50\u20ac &#8230;<\/p>","protected":false},"author":30,"featured_media":0,"parent":0,"menu_order":0,"comment_status":"closed","ping_status":"closed","template":"","meta":{"footnotes":""},"class_list":["post-6363","page","type-page","status-publish","hentry"],"yoast_head":"<!-- This site is optimized with the Yoast SEO plugin v23.5 - https:\/\/yoast.com\/wordpress\/plugins\/seo\/ -->\n<title>Meilleur Chocolatier Strasbourg_OLD - REGIS CHOCOLATERIE<\/title>\n<meta name=\"description\" content=\"Faites appel au meilleur chocolatier \u00e0 Strasbourg 67000 pour vous faire livrer des plaisirs gourmands pour les f\u00eates et tout au long de l\u2019ann\u00e9e. REGIS Chocolatier vous propose de vous faire d\u00e9couvrir son univers cr\u00e9atif\" \/>\n<meta name=\"robots\" content=\"index, follow, max-snippet:-1, max-image-preview:large, max-video-preview:-1\" \/>\n<link rel=\"canonical\" href=\"https:\/\/regischocolatier.chocolats.net\/en\/meilleur-chocolatier-strasbourgold\/\" \/>\n<meta property=\"og:locale\" content=\"en_GB\" \/>\n<meta property=\"og:type\" content=\"article\" \/>\n<meta property=\"og:title\" content=\"Meilleur Chocolatier Strasbourg_OLD - REGIS CHOCOLATERIE\" \/>\n<meta property=\"og:description\" content=\"Faites appel au meilleur chocolatier \u00e0 Strasbourg 67000 pour vous faire livrer des plaisirs gourmands pour les f\u00eates et tout au long de l\u2019ann\u00e9e. REGIS Chocolatier vous propose de vous faire d\u00e9couvrir son univers cr\u00e9atif\" \/>\n<meta property=\"og:url\" content=\"https:\/\/regischocolatier.chocolats.net\/en\/meilleur-chocolatier-strasbourgold\/\" \/>\n<meta property=\"og:site_name\" content=\"REGIS CHOCOLATERIE\" \/>\n<meta property=\"article:modified_time\" content=\"2023-01-05T11:02:17+00:00\" \/>\n<meta property=\"og:image\" content=\"https:\/\/regischocolatier.chocolats.net\/wp-content\/uploads\/2021\/03\/500-g-460x460.jpg\" \/>\n<meta name=\"twitter:card\" content=\"summary_large_image\" \/>\n<meta name=\"twitter:label1\" content=\"Estimated reading time\" \/>\n\t<meta name=\"twitter:data1\" content=\"5 minutes\" \/>\n<script type=\"application\/ld+json\" class=\"yoast-schema-graph\">{\"@context\":\"https:\/\/schema.org\",\"@graph\":[{\"@type\":\"WebPage\",\"@id\":\"https:\/\/regischocolatier.chocolats.net\/meilleur-chocolatier-strasbourgold\/\",\"url\":\"https:\/\/regischocolatier.chocolats.net\/meilleur-chocolatier-strasbourgold\/\",\"name\":\"Meilleur Chocolatier Strasbourg_OLD - REGIS CHOCOLATERIE\",\"isPartOf\":{\"@id\":\"https:\/\/regischocolatier.chocolats.net\/#website\"},\"primaryImageOfPage\":{\"@id\":\"https:\/\/regischocolatier.chocolats.net\/meilleur-chocolatier-strasbourgold\/#primaryimage\"},\"image\":{\"@id\":\"https:\/\/regischocolatier.chocolats.net\/meilleur-chocolatier-strasbourgold\/#primaryimage\"},\"thumbnailUrl\":\"https:\/\/regischocolatier.chocolats.net\/wp-content\/uploads\/2021\/03\/500-g-460x460.jpg\",\"datePublished\":\"2022-11-18T09:15:30+00:00\",\"dateModified\":\"2023-01-05T11:02:17+00:00\",\"description\":\"Faites appel au meilleur chocolatier \u00e0 Strasbourg 67000 pour vous faire livrer des plaisirs gourmands pour les f\u00eates et tout au long de l\u2019ann\u00e9e. REGIS Chocolatier vous propose de vous faire d\u00e9couvrir son univers cr\u00e9atif\",\"breadcrumb\":{\"@id\":\"https:\/\/regischocolatier.chocolats.net\/meilleur-chocolatier-strasbourgold\/#breadcrumb\"},\"inLanguage\":\"en-GB\",\"potentialAction\":[{\"@type\":\"ReadAction\",\"target\":[\"https:\/\/regischocolatier.chocolats.net\/meilleur-chocolatier-strasbourgold\/\"]}]},{\"@type\":\"ImageObject\",\"inLanguage\":\"en-GB\",\"@id\":\"https:\/\/regischocolatier.chocolats.net\/meilleur-chocolatier-strasbourgold\/#primaryimage\",\"url\":\"https:\/\/regischocolatier.chocolats.net\/wp-content\/uploads\/2021\/03\/500-g-460x460.jpg\",\"contentUrl\":\"https:\/\/regischocolatier.chocolats.net\/wp-content\/uploads\/2021\/03\/500-g-460x460.jpg\"},{\"@type\":\"BreadcrumbList\",\"@id\":\"https:\/\/regischocolatier.chocolats.net\/meilleur-chocolatier-strasbourgold\/#breadcrumb\",\"itemListElement\":[{\"@type\":\"ListItem\",\"position\":1,\"name\":\"Home\",\"item\":\"https:\/\/regischocolatier.chocolats.net\/\"},{\"@type\":\"ListItem\",\"position\":2,\"name\":\"Meilleur Chocolatier Strasbourg_OLD\"}]},{\"@type\":\"WebSite\",\"@id\":\"https:\/\/regischocolatier.chocolats.net\/#website\",\"url\":\"https:\/\/regischocolatier.chocolats.net\/\",\"name\":\"REGIS CHOCOLATERIE\",\"description\":\"REGIS chocolatier, ma\u00eetre chocolatier depuis plus de 70 ans.\",\"potentialAction\":[{\"@type\":\"SearchAction\",\"target\":{\"@type\":\"EntryPoint\",\"urlTemplate\":\"https:\/\/regischocolatier.chocolats.net\/?s={search_term_string}\"},\"query-input\":{\"@type\":\"PropertyValueSpecification\",\"valueRequired\":true,\"valueName\":\"search_term_string\"}}],\"inLanguage\":\"en-GB\"}]}<\/script>\n<!-- \/ Yoast SEO plugin. -->","yoast_head_json":{"title":"Meilleur Chocolatier Strasbourg_OLD - REGIS CHOCOLATERIE","description":"Faites appel au meilleur chocolatier \u00e0 Strasbourg 67000 pour vous faire livrer des plaisirs gourmands pour les f\u00eates et tout au long de l\u2019ann\u00e9e. REGIS Chocolatier vous propose de vous faire d\u00e9couvrir son univers cr\u00e9atif","robots":{"index":"index","follow":"follow","max-snippet":"max-snippet:-1","max-image-preview":"max-image-preview:large","max-video-preview":"max-video-preview:-1"},"canonical":"https:\/\/regischocolatier.chocolats.net\/en\/meilleur-chocolatier-strasbourgold\/","og_locale":"en_GB","og_type":"article","og_title":"Meilleur Chocolatier Strasbourg_OLD - REGIS CHOCOLATERIE","og_description":"Faites appel au meilleur chocolatier \u00e0 Strasbourg 67000 pour vous faire livrer des plaisirs gourmands pour les f\u00eates et tout au long de l\u2019ann\u00e9e. REGIS Chocolatier vous propose de vous faire d\u00e9couvrir son univers cr\u00e9atif","og_url":"https:\/\/regischocolatier.chocolats.net\/en\/meilleur-chocolatier-strasbourgold\/","og_site_name":"REGIS CHOCOLATERIE","article_modified_time":"2023-01-05T11:02:17+00:00","og_image":[{"url":"https:\/\/regischocolatier.chocolats.net\/wp-content\/uploads\/2021\/03\/500-g-460x460.jpg"}],"twitter_card":"summary_large_image","twitter_misc":{"Estimated reading time":"5 minutes"},"schema":{"@context":"https:\/\/schema.org","@graph":[{"@type":"WebPage","@id":"https:\/\/regischocolatier.chocolats.net\/meilleur-chocolatier-strasbourgold\/","url":"https:\/\/regischocolatier.chocolats.net\/meilleur-chocolatier-strasbourgold\/","name":"Meilleur Chocolatier Strasbourg_OLD - REGIS CHOCOLATERIE","isPartOf":{"@id":"https:\/\/regischocolatier.chocolats.net\/#website"},"primaryImageOfPage":{"@id":"https:\/\/regischocolatier.chocolats.net\/meilleur-chocolatier-strasbourgold\/#primaryimage"},"image":{"@id":"https:\/\/regischocolatier.chocolats.net\/meilleur-chocolatier-strasbourgold\/#primaryimage"},"thumbnailUrl":"https:\/\/regischocolatier.chocolats.net\/wp-content\/uploads\/2021\/03\/500-g-460x460.jpg","datePublished":"2022-11-18T09:15:30+00:00","dateModified":"2023-01-05T11:02:17+00:00","description":"Faites appel au meilleur chocolatier \u00e0 Strasbourg 67000 pour vous faire livrer des plaisirs gourmands pour les f\u00eates et tout au long de l\u2019ann\u00e9e. REGIS Chocolatier vous propose de vous faire d\u00e9couvrir son univers cr\u00e9atif","breadcrumb":{"@id":"https:\/\/regischocolatier.chocolats.net\/meilleur-chocolatier-strasbourgold\/#breadcrumb"},"inLanguage":"en-GB","potentialAction":[{"@type":"ReadAction","target":["https:\/\/regischocolatier.chocolats.net\/meilleur-chocolatier-strasbourgold\/"]}]},{"@type":"ImageObject","inLanguage":"en-GB","@id":"https:\/\/regischocolatier.chocolats.net\/meilleur-chocolatier-strasbourgold\/#primaryimage","url":"https:\/\/regischocolatier.chocolats.net\/wp-content\/uploads\/2021\/03\/500-g-460x460.jpg","contentUrl":"https:\/\/regischocolatier.chocolats.net\/wp-content\/uploads\/2021\/03\/500-g-460x460.jpg"},{"@type":"BreadcrumbList","@id":"https:\/\/regischocolatier.chocolats.net\/meilleur-chocolatier-strasbourgold\/#breadcrumb","itemListElement":[{"@type":"ListItem","position":1,"name":"Home","item":"https:\/\/regischocolatier.chocolats.net\/"},{"@type":"ListItem","position":2,"name":"Meilleur Chocolatier Strasbourg_OLD"}]},{"@type":"WebSite","@id":"https:\/\/regischocolatier.chocolats.net\/#website","url":"https:\/\/regischocolatier.chocolats.net\/","name":"REGIS CHOCOLATERIE","description":"REGIS chocolatier, ma\u00eetre chocolatier depuis plus de 70 ans.","potentialAction":[{"@type":"SearchAction","target":{"@type":"EntryPoint","urlTemplate":"https:\/\/regischocolatier.chocolats.net\/?s={search_term_string}"},"query-input":{"@type":"PropertyValueSpecification","valueRequired":true,"valueName":"search_term_string"}}],"inLanguage":"en-GB"}]}},"_links":{"self":[{"href":"https:\/\/regischocolatier.chocolats.net\/en\/wp-json\/wp\/v2\/pages\/6363","targetHints":{"allow":["GET"]}}],"collection":[{"href":"https:\/\/regischocolatier.chocolats.net\/en\/wp-json\/wp\/v2\/pages"}],"about":[{"href":"https:\/\/regischocolatier.chocolats.net\/en\/wp-json\/wp\/v2\/types\/page"}],"author":[{"embeddable":true,"href":"https:\/\/regischocolatier.chocolats.net\/en\/wp-json\/wp\/v2\/users\/30"}],"replies":[{"embeddable":true,"href":"https:\/\/regischocolatier.chocolats.net\/en\/wp-json\/wp\/v2\/comments?post=6363"}],"version-history":[{"count":155,"href":"https:\/\/regischocolatier.chocolats.net\/en\/wp-json\/wp\/v2\/pages\/6363\/revisions"}],"predecessor-version":[{"id":6984,"href":"https:\/\/regischocolatier.chocolats.net\/en\/wp-json\/wp\/v2\/pages\/6363\/revisions\/6984"}],"wp:attachment":[{"href":"https:\/\/regischocolatier.chocolats.net\/en\/wp-json\/wp\/v2\/media?parent=6363"}],"curies":[{"name":"wp","href":"https:\/\/api.w.org\/{rel}","templated":true}]}}