{"id":3111,"date":"2020-11-26T14:10:40","date_gmt":"2020-11-26T13:10:40","guid":{"rendered":"http:\/\/regischoco.com\/?page_id=3111"},"modified":"2022-11-29T12:18:21","modified_gmt":"2022-11-29T11:18:21","slug":"cadeauchocolatentreprise","status":"publish","type":"page","link":"https:\/\/regischocolatier.chocolats.net\/en\/cadeauchocolatentreprise\/","title":{"rendered":"Cadeau Chocolat Entreprise"},"content":{"rendered":"<div class=\"wpb-content-wrapper\"><div data-vc-full-width=\"true\" data-vc-full-width-init=\"false\" data-vc-stretch-content=\"true\" data-vc-parallax=\"1.5\" data-vc-parallax-o-fade=\"on\" data-vc-parallax-image=\"https:\/\/regischocolatier.chocolats.net\/wp-content\/uploads\/2021\/01\/IMG_3130-scaled-e1613724810945.jpg\" class=\"vc_row wpb_row vc_row-fluid wpb_animate_when_almost_visible wpb_fadeIn fadeIn vc_row-has-fill vc_row-no-padding vc_row-o-equal-height vc_row-o-content-middle vc_row-flex vc_general vc_parallax vc_parallax-content-moving-fade js-vc_parallax-o-fade\"><style>.vc_column_container.av5_custom_1776661337_180448765 .av5-revealer__layer { background: #ffffff!important;}<\/style><div class=\"wpb_column vc_column_container vc_col-sm-12 av5_custom_1776661337_180448765\"><div class=\"vc_column-inner\"><div class=\"wpb_wrapper\"><div class=\"vc_empty_space  photo_cadeau\"   style=\"height: 0px\"><span class=\"vc_empty_space_inner\"><\/span><\/div>\r\n\t<div class=\"wpb_text_column wpb_content_element  wpb_animate_when_almost_visible wpb_av5-fadeInUp av5-fadeInUp vc_custom_1607437829758 covid vc_custom_1607437829758 av5_custom_1776661337_518717291\" >\r\n\t\t<div class=\"wpb_wrapper\">\r\n\t\t\t<h1 class=\"text_covid\" style=\"text-align: center; color: #ffffff;\">Cadeau chocolat entreprise \u00e0 Paris<\/h1>\n<p class=\"text_cadeau\" style=\"text-align: center; color: #ffffff;\">Nous avons plusieurs offres sp\u00e9ciales pour pr\u00e9parer vos cadeaux d&#8217;entreprise et serons ravis de vous exp\u00e9dier tout cela. Choisissez le cadeau chocolat entreprise Paris pour vos employ\u00e9s, associ\u00e9s, collaborateurs &#8230;<\/p>\n\r\n\t\t<\/div>\r\n\t<\/div>\r\n<\/div><\/div><\/div><\/div><div class=\"vc_row-full-width vc_clearfix\"><\/div><div class=\"vc_row wpb_row vc_row-fluid automne wpb_animate_when_almost_visible wpb_fadeIn fadeIn\"><style>.vc_column_container.av5_custom_1776661337_1649185872 .av5-revealer__layer { background: #ffffff!important;}<\/style><div class=\"wpb_column vc_column_container vc_col-sm-12 av5_custom_1776661337_1649185872\"><div class=\"vc_column-inner\"><div class=\"wpb_wrapper\">\r\n\t<div class=\"wpb_text_column wpb_content_element  av5_custom_1776661337_1314321345\" >\r\n\t\t<div class=\"wpb_wrapper\">\r\n\t\t\t<p style=\"text-align: justify;\">\u00a0Un <strong>ingr\u00e9dient<\/strong> reste incontournable aux yeux des Fran\u00e7ais, Lequel ? Petit indice, une f\u00e8ve onctueuse enrob\u00e9e d\u2019une odeur de cacao qui r\u00e9gale les papilles. Il s\u2019agit du <strong>chocolat<\/strong>, <strong>ma\u00eetre<\/strong> incontest\u00e9 de la table des <strong>f\u00eates<\/strong> au <strong>dessert<\/strong>, au go\u00fbter et en soir\u00e9e. Cet esprit du chocolat en coffret personnalis\u00e9, bo\u00eetes de <strong>confiserie<\/strong> ne va plus tarder. Les Fran\u00e7ais sont heureux quand il y a du <strong>chocolat<\/strong> \u00e0 table. Attention, le chocolat n\u2019est pas une exclusivit\u00e9 pour les particuliers. Il peut s\u00e9duire de nombreuses entreprises qui offrent des paquets cadeaux pour leurs salari\u00e9s. Alors pour les entreprises sp\u00e9cialis\u00e9es dans la <strong>vente<\/strong> <strong>de chocolat<\/strong>, les semaines qui arrivent s\u2019annoncent intenses. Commandez sur le site de votre chocolatier \u00e0 Paris et <a href=\"https:\/\/regischocolatier.chocolats.net\/en\/meilleur-chocolatier-strasbourg\/?v=11aedd0e4327\">meilleur chocolatier \u00e0 Strasbourg<\/a>.<\/p>\n\r\n\t\t<\/div>\r\n\t<\/div>\r\n<div class=\"vc_empty_space\"   style=\"height: 40px\"><span class=\"vc_empty_space_inner\"><\/span><\/div><\/div><\/div><\/div><\/div><div data-vc-full-width=\"true\" data-vc-full-width-init=\"false\" data-vc-stretch-content=\"true\" data-vc-parallax=\"1.5\" data-vc-parallax-image=\"https:\/\/regischocolatier.chocolats.net\/wp-content\/uploads\/2020\/11\/DSF7733.jpg\" class=\"vc_row wpb_row vc_row-fluid wpb_animate_when_almost_visible wpb_av5-revealTop av5-revealTop vc_row-has-fill vc_row-no-padding vc_row-o-content-middle vc_row-flex vc_general vc_parallax vc_parallax-content-moving\"><div class=\"av5-revealer__layer\" style=\" background: #ffffff;\"><\/div><style>.vc_column_container.av5_custom_1776661337_433344398 .av5-revealer__layer { background: #ffffff!important;}<\/style><div class=\"wpb_column vc_column_container vc_col-sm-12 av5_custom_1776661337_433344398\"><div class=\"vc_column-inner\"><div class=\"wpb_wrapper\"><div class=\"vc_empty_space  vc_custom_1606471081140\"   style=\"height: 400px\"><span class=\"vc_empty_space_inner\"><\/span><\/div>\r\n\t<div class=\"wpb_text_column wpb_content_element  av5_custom_1776661337_423100455\" >\r\n\t\t<div class=\"wpb_wrapper\">\r\n\t\t\t\r\n\t\t<\/div>\r\n\t<\/div>\r\n<\/div><\/div><\/div><\/div><div class=\"vc_row-full-width vc_clearfix\"><\/div><div class=\"vc_row wpb_row vc_row-fluid text_cadeau_suite wpb_animate_when_almost_visible wpb_av5-revealBottom av5-revealBottom\"><div class=\"av5-revealer__layer\" style=\" background: #ffffff;\"><\/div><style>.vc_column_container.av5_custom_1776661337_554170619 .av5-revealer__layer { background: #ffffff!important;}<\/style><div class=\"wpb_column vc_column_container vc_col-sm-12 av5_custom_1776661337_554170619\"><div class=\"vc_column-inner\"><div class=\"wpb_wrapper\">\r\n\t<div class=\"wpb_text_column wpb_content_element  av5_custom_1776661337_814909309\" >\r\n\t\t<div class=\"wpb_wrapper\">\r\n\t\t\t<div id=\"cadeau-chocolat-entreprise-paris\">\n<h2 style=\"text-align: left;\">Pourquoi Paris est la ville lumi\u00e8re et du chocolat ?<\/h2>\n<p>&nbsp;<\/p>\n<\/div>\n<p style=\"text-align: justify;\">Le <strong>poumon \u00e9conomique<\/strong> de la <strong>France<\/strong> est aussi un grand <strong>amateur de chocolat.<\/strong> Tous les restaurants ou presque proposent \u00e0 leur carte un dessert au chocolat. Pour les entreprises qui vendent en gros des dizaines de <strong>marchandises<\/strong> avec cette <strong>f\u00e8ve de cacao.<\/strong> D\u2019autant plus que la p\u00e9riode qui s\u2019ouvre permet de livrer un assortiment personnalis\u00e9 en fonction des clients. Pour aller plus loin, de nombreux secteurs profitent des fins d\u2019ann\u00e9e pour commander d\u00e8s \u00e0 pr\u00e9sent des \u00e9chantillons sur les collections de chocolat en boite, ballotin, assortiments pour les tester en d\u00e9gustation. Ensuite, il y a bien entendu une id\u00e9e cadeau qui \u00e9merge, la s\u00e9lection s\u2019arr\u00eate sur deux ou trois <strong>r\u00e9f\u00e9rences<\/strong> notamment pour <strong>entreprise<\/strong> de <strong>TPE-PME.<\/strong> La fin d\u2019ann\u00e9e permet ce petit plaisir gourmand et c\u2019est un cadeau de remerciement pour le travail accompli. \u00c0 Paris, le rythme est soutenu alors les entreprises r\u00e9compensent \u00e0 cette occasion leurs <strong>collaborateurs<\/strong> avec du <strong>chocolat.<\/strong> Une id\u00e9e simple mais qui cr\u00e9er toujours une <strong>petite \u00e9motion.<\/strong><\/p>\n<p>&nbsp;<\/p>\n<h2 style=\"text-align: left;\">Pourquoi le chocolat en cadeau d\u2019affaires est une astuce pour fid\u00e9liser les clients et fournisseurs ?<\/h2>\n<p>&nbsp;<\/p>\n<p style=\"text-align: justify;\">Entre entreprises aussi, les <strong>cadeaux au chocolat<\/strong> sont des grands classiques. En effet, il n\u2019est pas rare que l\u2019envoi d\u2019un coursier \u00e0 domicile pour faire plaisir \u00e0 ses salari\u00e9s ou \u00e0 ses clients soit command\u00e9 par l\u2019entreprise. En l\u2019occurrence, dans la journ\u00e9e, les balais de commandes de <strong>chocolat en<\/strong>\u00a0<strong>boite,<\/strong> de <strong>ballotins<\/strong> ou petites <strong>confiseries<\/strong> se succ\u00e8dent. En cette fin d\u2019ann\u00e9e la livraison est \u00e0 son comble pour que toutes les commandes atteignent leur destination.<\/p>\n<p style=\"text-align: justify;\">Les fournisseurs de chocolat savent que cette p\u00e9riode permet un r\u00e8glement par client plus important. Bien entendu, une n\u00e9gociation s\u2019engage entre les <strong>entreprises<\/strong> et les <strong>fournisseurs<\/strong> pour obtenir un devis qui arrange tout le monde. De toute fa\u00e7on, les entreprises ne ratent jamais les fins d\u2019ann\u00e9e pour remercier leurs salari\u00e9s et leurs clients \u00e0 travers une petite <strong>boite de chocolat<\/strong> s\u00e9lectionn\u00e9e avec soin. L\u2019objectif \u00e9tant de poursuivre sur des relations solides, fiables et saines d\u00e8s la nouvelle ann\u00e9e. Gr\u00e2ce aux dispositifs de livraison, la p\u00e9riode qui pr\u00e9c\u00e8de No\u00ebl permet \u00e0 tous les collaborateurs et soutiens des <strong>entreprises<\/strong> de b\u00e9n\u00e9ficier d\u2019un cadeau plein de <strong>chocolat.<\/strong><\/p>\n<p style=\"text-align: justify;\">Combler tout son petit monde avec du chocolat gourmand en coffret pendant les <strong>f\u00eates de<\/strong>\u00a0<strong>fin d\u2019ann\u00e9e<\/strong> suscite une tradition tr\u00e8s fran\u00e7aise.<\/p>\n<p>&nbsp;<\/p>\n<h2 style=\"text-align: justify;\">Quelle est la petite recette de marrons glac\u00e9s pour No\u00ebl ?<\/h2>\n<p>&nbsp;<\/p>\n<p style=\"text-align: justify;\">Les <strong>marrons glac\u00e9s<\/strong> attirent les papilles sp\u00e9cialement pour No\u00ebl. Il est de tradition en fin d\u2019ann\u00e9e de d\u00e9guster cette d\u00e9licieuse recette qui pla\u00eet aux Fran\u00e7ais. Gourmand \u00e0 l\u2019int\u00e9rieur mais croquant \u00e0 l\u2019ext\u00e9rieur, le marron permet de fondre de plaisir \u00e0 Paris et dans toutes les villes de France. Tr\u00e8s \u00e0 la mode chez les forains, il fait partie int\u00e9grante des <strong>stars de No\u00ebl.<\/strong> Les meilleurs <strong>marrons glac\u00e9s<\/strong> sont d\u2019ailleurs la propri\u00e9t\u00e9 de ces forains qui le produisent depuis des ann\u00e9es. Son odeur charmante et puissante sur les march\u00e9s attire les <strong>gourmands<\/strong> et c\u2019est un produit accessible. Dans la tradition fran\u00e7aise il accompagne le d\u00e9licieux chapon de <strong>No\u00ebl<\/strong> ou le foie gras. D\u2019autant plus que les cadeaux \u00e0 offrir autour du marron sont excellents. Avec plusieurs sortes de parfums, ils accompagnent la magie des f\u00eates de fin d\u2019ann\u00e9e. \u00c0 vos marrons pour vous r\u00e9galer en toute simplicit\u00e9 autour des <strong>repas de no\u00ebl.<\/strong><\/p>\n\r\n\t\t<\/div>\r\n\t<\/div>\r\n\r\n\t<div class=\"wpb_text_column wpb_content_element  wpb_animate_when_almost_visible wpb_av5-fadeInUp-long av5-fadeInUp-long vc_custom_1618391309096 vc_custom_1618391309096 av5_custom_1776661337_861025350\" >\r\n\t\t<div class=\"wpb_wrapper\">\r\n\t\t\t<div id=\"cadeau-chocolat-entreprise-paris\">\n<h2 style=\"text-align: center;\">Cadeau d\u2019entreprise Regis Chocolat<\/h2>\n<p style=\"text-align: center;\">\n<\/div>\n<p style=\"text-align: center;\">Notre d\u00e9partement cadeaux d\u2019affaires, cadeaux d\u2019entreprise Regis Chocolatier est \u00e0 votre enti\u00e8re disposition afin de\u00a0<b class=\"\">personnaliser votre projet en fonction de vos besoins, de votre cible,<\/b> dans le respect de votre budget et des d\u00e9lais de livraison.<\/p>\n\r\n\t\t<\/div>\r\n\t<\/div>\r\n\r\n\t<div class=\"wpb_text_column wpb_content_element  wpb_animate_when_almost_visible wpb_bounceIn bounceIn av5_custom_1776661337_1416274411\" >\r\n\t\t<div class=\"wpb_wrapper\">\r\n\t\t\t<p style=\"text-align: center;\">Veuillez s&#8217;il vous plait <a href=\"https:\/\/regischocolatier.chocolats.net\/wp-content\/uploads\/2021\/04\/Exemple-listing-poste-site.csv\" target=\"_blank\" rel=\"noopener\">cliquez ici<\/a> et nous retourner ce document d\u00fbment compl\u00e9t\u00e9 \u00e0 l&#8217;adresse suivante :<br \/>\n<a href=\"mailto:commande@chocolats.net\" target=\"_blank\" rel=\"noopener\">commande@chocolats.net<\/a><\/p>\n<p style=\"text-align: center;\"><b class=\"\">Nous vous remercions par avance de bien remplir chacun des champs demand\u00e9s, auquel cas nous ne pourrons assurer l\u2019 envoi de votre commande et nous nous d\u00e9chargeons de toute responsabilit\u00e9 concernant la bonne\u00a0r\u00e9ception.\u00a0<\/b><\/p>\n<p style=\"text-align: center;\">Si vous avez la moindre question, n\u2019h\u00e9sitez pas \u00e0 nous joindre au<b class=\"\"> 01 45 27 70 70<\/b><\/p>\n\r\n\t\t<\/div>\r\n\t<\/div>\r\n<\/div><\/div><\/div><\/div><div class=\"vc_row wpb_row vc_row-fluid\"><style>.vc_column_container.av5_custom_1776661337_1695129539 .av5-revealer__layer { background: #ffffff!important;}<\/style><div class=\"wpb_column vc_column_container vc_col-sm-12 av5_custom_1776661337_1695129539\"><div class=\"vc_column-inner\"><div class=\"wpb_wrapper\"><div class=\"vc_separator wpb_content_element vc_separator_align_center vc_sep_width_100 vc_sep_pos_align_center vc_sep_color_grey vc_custom_1607439366361 wpb_content_element horaires_text wpb_animate_when_almost_visible wpb_av5-fadeInUp av5-fadeInUp vc_separator-has-text\" ><span class=\"vc_sep_holder vc_sep_holder_l\"><span class=\"vc_sep_line\"><\/span><\/span><h4>Horaires<\/h4><span class=\"vc_sep_holder vc_sep_holder_r\"><span class=\"vc_sep_line\"><\/span><\/span>\n<\/div>\r\n\t<div class=\"wpb_text_column wpb_content_element  wpb_animate_when_almost_visible wpb_av5-fadeInUp-long av5-fadeInUp-long av5_custom_1776661337_5354325\" >\r\n\t\t<div class=\"wpb_wrapper\">\r\n\t\t\t<p class=\"horaires\" style=\"text-align: center;\">Le lundi de 13h30 \u00e0 19h<br \/>\nDu mardi au vendredi de 10h \u00e0 19h15<br \/>\nLe samedi de 10h \u00e0 19h30<br \/>\nLe dimanche 10h30 \u00e0 13h30<\/p>\n\r\n\t\t<\/div>\r\n\t<\/div>\r\n<\/div><\/div><\/div><\/div>\n<\/div>","protected":false},"excerpt":{"rendered":"Cadeau chocolat entreprise \u00e0 Paris Nous avons plusieurs offres sp\u00e9ciales pour pr\u00e9parer vos cadeaux d'entreprise et serons ravis de vous exp\u00e9dier tout cela. Choisissez le cadeau chocolat entreprise Paris pour vos employ\u00e9s, associ\u00e9s, collaborateurs ... \u00a0Un ingr\u00e9dient reste incontournable aux yeux des Fran\u00e7ais, Lequel ? Petit indice, une f\u00e8ve onctueuse enrob\u00e9e d\u2019une odeur de cacao ...","protected":false},"author":30,"featured_media":0,"parent":0,"menu_order":0,"comment_status":"closed","ping_status":"closed","template":"","meta":{"footnotes":""},"class_list":["post-3111","page","type-page","status-publish","hentry"],"yoast_head":"<!-- This site is optimized with the Yoast SEO plugin v23.5 - https:\/\/yoast.com\/wordpress\/plugins\/seo\/ -->\n<title>Cadeau chocolat entreprise Paris - REGIS CHOCOLATERIE<\/title>\n<meta name=\"description\" content=\"\u00c0 Paris, le rythme est soutenu alors les entreprises r\u00e9compensent \u00e0 cette occasion leurs collaborateurs avec un cadeau chocolat entreprise \u00e0 Paris. Une id\u00e9e simple et efficace.\" \/>\n<meta name=\"robots\" content=\"index, follow, max-snippet:-1, max-image-preview:large, max-video-preview:-1\" \/>\n<link rel=\"canonical\" href=\"https:\/\/regischocolatier.chocolats.net\/en\/cadeauchocolatentreprise\/\" \/>\n<meta property=\"og:locale\" content=\"en_GB\" \/>\n<meta property=\"og:type\" content=\"article\" \/>\n<meta property=\"og:title\" content=\"Cadeau chocolat entreprise Paris - REGIS CHOCOLATERIE\" \/>\n<meta property=\"og:description\" content=\"\u00c0 Paris, le rythme est soutenu alors les entreprises r\u00e9compensent \u00e0 cette occasion leurs collaborateurs avec un cadeau chocolat entreprise \u00e0 Paris. Une id\u00e9e simple et efficace.\" \/>\n<meta property=\"og:url\" content=\"https:\/\/regischocolatier.chocolats.net\/en\/cadeauchocolatentreprise\/\" \/>\n<meta property=\"og:site_name\" content=\"REGIS CHOCOLATERIE\" \/>\n<meta property=\"article:modified_time\" content=\"2022-11-29T11:18:21+00:00\" \/>\n<meta name=\"twitter:card\" content=\"summary_large_image\" \/>\n<meta name=\"twitter:label1\" content=\"Estimated reading time\" \/>\n\t<meta name=\"twitter:data1\" content=\"5 minutes\" \/>\n<script type=\"application\/ld+json\" class=\"yoast-schema-graph\">{\"@context\":\"https:\/\/schema.org\",\"@graph\":[{\"@type\":\"WebPage\",\"@id\":\"https:\/\/regischocolatier.chocolats.net\/cadeauchocolatentreprise\/\",\"url\":\"https:\/\/regischocolatier.chocolats.net\/cadeauchocolatentreprise\/\",\"name\":\"Cadeau chocolat entreprise Paris - REGIS CHOCOLATERIE\",\"isPartOf\":{\"@id\":\"https:\/\/regischocolatier.chocolats.net\/#website\"},\"datePublished\":\"2020-11-26T13:10:40+00:00\",\"dateModified\":\"2022-11-29T11:18:21+00:00\",\"description\":\"\u00c0 Paris, le rythme est soutenu alors les entreprises r\u00e9compensent \u00e0 cette occasion leurs collaborateurs avec un cadeau chocolat entreprise \u00e0 Paris. Une id\u00e9e simple et efficace.\",\"breadcrumb\":{\"@id\":\"https:\/\/regischocolatier.chocolats.net\/cadeauchocolatentreprise\/#breadcrumb\"},\"inLanguage\":\"en-GB\",\"potentialAction\":[{\"@type\":\"ReadAction\",\"target\":[\"https:\/\/regischocolatier.chocolats.net\/cadeauchocolatentreprise\/\"]}]},{\"@type\":\"BreadcrumbList\",\"@id\":\"https:\/\/regischocolatier.chocolats.net\/cadeauchocolatentreprise\/#breadcrumb\",\"itemListElement\":[{\"@type\":\"ListItem\",\"position\":1,\"name\":\"Home\",\"item\":\"https:\/\/regischocolatier.chocolats.net\/\"},{\"@type\":\"ListItem\",\"position\":2,\"name\":\"Cadeau Chocolat Entreprise\"}]},{\"@type\":\"WebSite\",\"@id\":\"https:\/\/regischocolatier.chocolats.net\/#website\",\"url\":\"https:\/\/regischocolatier.chocolats.net\/\",\"name\":\"REGIS CHOCOLATERIE\",\"description\":\"REGIS chocolatier, ma\u00eetre chocolatier depuis plus de 70 ans.\",\"potentialAction\":[{\"@type\":\"SearchAction\",\"target\":{\"@type\":\"EntryPoint\",\"urlTemplate\":\"https:\/\/regischocolatier.chocolats.net\/?s={search_term_string}\"},\"query-input\":{\"@type\":\"PropertyValueSpecification\",\"valueRequired\":true,\"valueName\":\"search_term_string\"}}],\"inLanguage\":\"en-GB\"}]}<\/script>\n<!-- \/ Yoast SEO plugin. -->","yoast_head_json":{"title":"Cadeau chocolat entreprise Paris - REGIS CHOCOLATERIE","description":"\u00c0 Paris, le rythme est soutenu alors les entreprises r\u00e9compensent \u00e0 cette occasion leurs collaborateurs avec un cadeau chocolat entreprise \u00e0 Paris. Une id\u00e9e simple et efficace.","robots":{"index":"index","follow":"follow","max-snippet":"max-snippet:-1","max-image-preview":"max-image-preview:large","max-video-preview":"max-video-preview:-1"},"canonical":"https:\/\/regischocolatier.chocolats.net\/en\/cadeauchocolatentreprise\/","og_locale":"en_GB","og_type":"article","og_title":"Cadeau chocolat entreprise Paris - REGIS CHOCOLATERIE","og_description":"\u00c0 Paris, le rythme est soutenu alors les entreprises r\u00e9compensent \u00e0 cette occasion leurs collaborateurs avec un cadeau chocolat entreprise \u00e0 Paris. Une id\u00e9e simple et efficace.","og_url":"https:\/\/regischocolatier.chocolats.net\/en\/cadeauchocolatentreprise\/","og_site_name":"REGIS CHOCOLATERIE","article_modified_time":"2022-11-29T11:18:21+00:00","twitter_card":"summary_large_image","twitter_misc":{"Estimated reading time":"5 minutes"},"schema":{"@context":"https:\/\/schema.org","@graph":[{"@type":"WebPage","@id":"https:\/\/regischocolatier.chocolats.net\/cadeauchocolatentreprise\/","url":"https:\/\/regischocolatier.chocolats.net\/cadeauchocolatentreprise\/","name":"Cadeau chocolat entreprise Paris - REGIS CHOCOLATERIE","isPartOf":{"@id":"https:\/\/regischocolatier.chocolats.net\/#website"},"datePublished":"2020-11-26T13:10:40+00:00","dateModified":"2022-11-29T11:18:21+00:00","description":"\u00c0 Paris, le rythme est soutenu alors les entreprises r\u00e9compensent \u00e0 cette occasion leurs collaborateurs avec un cadeau chocolat entreprise \u00e0 Paris. Une id\u00e9e simple et efficace.","breadcrumb":{"@id":"https:\/\/regischocolatier.chocolats.net\/cadeauchocolatentreprise\/#breadcrumb"},"inLanguage":"en-GB","potentialAction":[{"@type":"ReadAction","target":["https:\/\/regischocolatier.chocolats.net\/cadeauchocolatentreprise\/"]}]},{"@type":"BreadcrumbList","@id":"https:\/\/regischocolatier.chocolats.net\/cadeauchocolatentreprise\/#breadcrumb","itemListElement":[{"@type":"ListItem","position":1,"name":"Home","item":"https:\/\/regischocolatier.chocolats.net\/"},{"@type":"ListItem","position":2,"name":"Cadeau Chocolat Entreprise"}]},{"@type":"WebSite","@id":"https:\/\/regischocolatier.chocolats.net\/#website","url":"https:\/\/regischocolatier.chocolats.net\/","name":"REGIS CHOCOLATERIE","description":"REGIS chocolatier, ma\u00eetre chocolatier depuis plus de 70 ans.","potentialAction":[{"@type":"SearchAction","target":{"@type":"EntryPoint","urlTemplate":"https:\/\/regischocolatier.chocolats.net\/?s={search_term_string}"},"query-input":{"@type":"PropertyValueSpecification","valueRequired":true,"valueName":"search_term_string"}}],"inLanguage":"en-GB"}]}},"_links":{"self":[{"href":"https:\/\/regischocolatier.chocolats.net\/en\/wp-json\/wp\/v2\/pages\/3111","targetHints":{"allow":["GET"]}}],"collection":[{"href":"https:\/\/regischocolatier.chocolats.net\/en\/wp-json\/wp\/v2\/pages"}],"about":[{"href":"https:\/\/regischocolatier.chocolats.net\/en\/wp-json\/wp\/v2\/types\/page"}],"author":[{"embeddable":true,"href":"https:\/\/regischocolatier.chocolats.net\/en\/wp-json\/wp\/v2\/users\/30"}],"replies":[{"embeddable":true,"href":"https:\/\/regischocolatier.chocolats.net\/en\/wp-json\/wp\/v2\/comments?post=3111"}],"version-history":[{"count":62,"href":"https:\/\/regischocolatier.chocolats.net\/en\/wp-json\/wp\/v2\/pages\/3111\/revisions"}],"predecessor-version":[{"id":6688,"href":"https:\/\/regischocolatier.chocolats.net\/en\/wp-json\/wp\/v2\/pages\/3111\/revisions\/6688"}],"wp:attachment":[{"href":"https:\/\/regischocolatier.chocolats.net\/en\/wp-json\/wp\/v2\/media?parent=3111"}],"curies":[{"name":"wp","href":"https:\/\/api.w.org\/{rel}","templated":true}]}}