{"id":2518,"date":"2020-09-25T11:39:19","date_gmt":"2020-09-25T09:39:19","guid":{"rendered":"http:\/\/regischoco.com\/?page_id=2518"},"modified":"2020-12-04T13:50:35","modified_gmt":"2020-12-04T12:50:35","slug":"politique-de-protection-des-donnees-a-caractere-personnel","status":"publish","type":"page","link":"https:\/\/regischocolatier.chocolats.net\/en\/politique-de-protection-des-donnees-a-caractere-personnel\/","title":{"rendered":"RGPD"},"content":{"rendered":"<div class=\"wpb-content-wrapper\"><div data-vc-full-width=\"true\" data-vc-full-width-init=\"false\" data-vc-stretch-content=\"true\" data-vc-parallax=\"1.5\" data-vc-parallax-o-fade=\"on\" data-vc-parallax-image=\"https:\/\/regischocolatier.chocolats.net\/wp-content\/uploads\/2020\/11\/SB_8127c.jpg\" class=\"vc_row wpb_row vc_row-fluid col_rgpd wpb_animate_when_almost_visible wpb_av5-revealTop av5-revealTop vc_custom_1607078410443 vc_row-has-fill vc_row-no-padding vc_row-o-equal-height vc_row-o-content-middle vc_row-flex vc_general vc_parallax vc_parallax-content-moving-fade js-vc_parallax-o-fade\"><div class=\"av5-revealer__layer\" style=\" background: #ffffff;\"><\/div><style>.vc_column_container.av5_custom_1777022495_70106473 .av5-revealer__layer { background: #ffffff!important;}<\/style><div class=\"wpb_column vc_column_container vc_col-sm-12 av5_custom_1777022495_70106473\"><div class=\"vc_column-inner\"><div class=\"wpb_wrapper\">\r\n\t<div class=\"wpb_text_column wpb_content_element  wpb_animate_when_almost_visible wpb_slideInDown slideInDown vc_custom_1607078622412 photo_rgpd vc_custom_1607078622412 av5_custom_1777022495_339683786\" >\r\n\t\t<div class=\"wpb_wrapper\">\r\n\t\t\t<h2 style=\"text-align: center; color: white;\">RGPD<\/h2>\n\r\n\t\t<\/div>\r\n\t<\/div>\r\n<\/div><\/div><\/div><\/div><div class=\"vc_row-full-width vc_clearfix\"><\/div><div class=\"vc_row wpb_row vc_row-fluid vc_row-o-content-middle vc_row-flex\"><style>.vc_column_container.av5_custom_1777022495_1426005359 .av5-revealer__layer { background: #ffffff!important;}<\/style><div class=\"wpb_column vc_column_container vc_col-sm-12 av5_custom_1777022495_1426005359\"><div class=\"vc_column-inner\"><div class=\"wpb_wrapper\">\r\n\t<div class=\"wpb_text_column wpb_content_element  wpb_animate_when_almost_visible wpb_fadeInDown fadeInDown vc_custom_1601026805588 vc_custom_1601026805588 av5_custom_1777022495_1709818563\" >\r\n\t\t<div class=\"wpb_wrapper\">\r\n\t\t\t<h3 style=\"text-align: center;\"><span style=\"color: #330100;\">POLITIQUE DE PROTECTION DES DONNEES<br \/>\nA CARACTERE PERSONNEL<\/span><\/h3>\n\r\n\t\t<\/div>\r\n\t<\/div>\r\n<div class=\"vc_separator wpb_content_element vc_separator_align_center vc_sep_width_50 vc_sep_border_width_7 vc_sep_pos_align_center vc_separator_no_text vc_custom_1601018007533 wpb_content_element  vc_custom_1601018007533 wpb_content_element wpb_animate_when_almost_visible wpb_fadeIn fadeIn wpb_animate_when_almost_visible wpb_fadeIn fadeIn\" ><span class=\"vc_sep_holder vc_sep_holder_l\"><span style=\"border-color:#ff9966;\" class=\"vc_sep_line\"><\/span><\/span><span class=\"vc_sep_holder vc_sep_holder_r\"><span style=\"border-color:#ff9966;\" class=\"vc_sep_line\"><\/span><\/span>\n<\/div>\r\n\t<div class=\"wpb_text_column wpb_content_element  wpb_animate_when_almost_visible wpb_av5-fadeInUp av5-fadeInUp vc_custom_1607080207231 col_conditions vc_custom_1607080207231 av5_custom_1777022495_99703363\" >\r\n\t\t<div class=\"wpb_wrapper\">\r\n\t\t\t<h4 style=\"text-align: left;\"><span style=\"color: #670202;\">1. Les donn\u00e9es \u00e0 caract\u00e8re personnel<\/span><\/h4>\n<p style=\"text-align: justify;\">Les \u00ab donn\u00e9es \u00e0 caract\u00e8re personnel \u00bb d\u00e9signent toute information susceptible de vous identifier directement (par ex., votre nom) ou indirectement (par ex., par le biais de donn\u00e9es pseudonymis\u00e9es tel qu&#8217;un identifiant unique). Cela signifie que les donn\u00e9es \u00e0 caract\u00e8re personnel incluent des informations telles que des adresses postales\/de messagerie, num\u00e9ro de t\u00e9l\u00e9phone portable, nom d&#8217;utilisateur, photos de profil, pr\u00e9f\u00e9rences personnelles et habitudes d&#8217;achat, des contenus g\u00e9n\u00e9r\u00e9s par des utilisateurs, des donn\u00e9es financi\u00e8res et des informations relatives \u00e0 votre beaut\u00e9\/bien-\u00eatre. Les donn\u00e9es \u00e0 caract\u00e8re personnel sont \u00e9galement susceptibles d&#8217;inclure des identifiants num\u00e9riques uniques comme l&#8217;adresse IP de votre ordinateur ou l&#8217;adresse MAC de votre appareil mobile, ainsi que des cookies.<\/p>\n<p>&nbsp;<\/p>\n<h5><span style=\"color: #670202;\">1.1. Formulaires de contact<\/span><\/h5>\n<p>Lorsque vous nous envoyez un message via des formulaires pr\u00e9sents sur le site nous collectons les donn\u00e9es personnelles suivantes, n\u00e9cessaires au traitement de votre demande :<\/p>\n<ul>\n<li>Civilit\u00e9<\/li>\n<li>Nom<\/li>\n<li>Pr\u00e9nom<\/li>\n<li>Adresse postale,<\/li>\n<li>Adresse e-mail<\/li>\n<li>Num\u00e9ro de t\u00e9l\u00e9phone<\/li>\n<li>Nom de votre soci\u00e9t\u00e9<\/li>\n<\/ul>\n<h5><span style=\"color: #670202;\">1.2. Cr\u00e9ation d&#8217;un compte client, commande d&#8217;un produit<\/span><\/h5>\n<p style=\"text-align: justify;\">Lorsque vous cr\u00e9ez votre compte client ou que vous passez une commande, nous collectons les donn\u00e9es personnelles suivantes sur vous\u00a0:<\/p>\n<ul>\n<li>Votre identifiant<\/li>\n<li>Votre mot de passe crypt\u00e9 de fa\u00e7on s\u00e9curis\u00e9e<\/li>\n<li>Votre adresse e-mail et num\u00e9ro de t\u00e9l\u00e9phone<\/li>\n<li>Votre nom et pr\u00e9nom<\/li>\n<li>Votre adresse postale (ainsi que les informations n\u00e9cessaires \u00e0 une bonne livraison)<\/li>\n<li>Le raison sociale de la soci\u00e9t\u00e9, son num\u00e9ro de TVA et l\u2019adresse exacte<\/li>\n<\/ul>\n<p style=\"text-align: justify;\">Ces informations sont obligatoires, ce qui signifie qu&#8217;il n&#8217;est pas possible de passer une commande sur le Site Internet sans elles.<br \/>\nLa collecte et le traitement des donn\u00e9es personnelles s&#8217;effectuent conform\u00e9ment aux dispositions l\u00e9gales.<\/p>\n<h4><\/h4>\n<p>&nbsp;<\/p>\n<h4><span style=\"color: #670202;\">2. Finalit\u00e9s du traitement des donn\u00e9es<\/span><\/h4>\n<p style=\"text-align: justify;\">Nous utilisons vos donn\u00e9es personnelles pour :<\/p>\n<ul>\n<li>r\u00e9pondre \u00e0 vos demandes, notamment en cas de demande de contact<\/li>\n<li>traiter les commandes pass\u00e9es via le Site Internet<\/li>\n<li>vous permettre d&#8217;acc\u00e9der \u00e0 des informations ou \u00e0 des offres sp\u00e9cifiques, par exemple gr\u00e2ce \u00e0 l\u2019envoi d\u2019une Newsletter<\/li>\n<li>r\u00e9aliser des analyses internes pour comprendre vos pr\u00e9f\u00e9rences et mieux adapter notre offre \u00e0 vos besoins<\/li>\n<\/ul>\n<p style=\"text-align: justify;\">Nous ne collectons aucune donn\u00e9e personnelle sans que vous en ayez connaissance par l&#8217;interm\u00e9diaire de notre site web. Vous seuls d\u00e9cidez si vous souhaitez ou non nous communiquer ce type de donn\u00e9es dans le cadre d&#8217;un enregistrement, d&#8217;une demande de contact ou d&#8217;une enqu\u00eate. Vous disposez \u00e0 tout moment du droit de retirer votre consentement au traitement de vos donn\u00e9es personnelles (voir l\u2019article 8).<\/p>\n<h4><\/h4>\n<p>&nbsp;<\/p>\n<h4><span style=\"color: #670202;\">3. Responsable du traitement des donn\u00e9es<\/span><\/h4>\n<p style=\"text-align: justify;\">Nous sommes le responsable du traitement des donn\u00e9es personnelles que nous collectons lorsque vous utilisez notre site Internet, que vous achetez nos produits, que vous cr\u00e9ez un compte client et que vous vous abonnez \u00e0 notre Newsletter. Pour toute question ou demande de renseignements, veuillez nous contacter :<\/p>\n<ul>\n<li>courrier : REGIS CHOCOLATIER &#8211; 89 rue de Passy &#8211; 75016 PARIS,<\/li>\n<li>t\u00e9l\u00e9phone : 01 45 27 70 00,<\/li>\n<li>e-mail :\u00a0<a href=\"https:\/\/regischocolatier.chocolats.net\/en\/contactez-nous\/\">contact@<\/a>.<\/li>\n<\/ul>\n<h5 style=\"text-align: justify;\"><\/h5>\n<p>&nbsp;<\/p>\n<h4><span style=\"color: #670202;\">4. Dur\u00e9e de conservation des donn\u00e9es<\/span><\/h4>\n<p style=\"text-align: justify;\">Nous ne conservons vos donn\u00e9es personnelles que lorsqu&#8217;elles sont n\u00e9cessaires aux fins pour lesquelles elles ont \u00e9t\u00e9 collect\u00e9es et aussi longtemps que la loi ou le cadre d&#8217;une r\u00e9glementation officielle l&#8217;exige. Nous supprimons ou bloquons vos donn\u00e9es d\u00e8s qu&#8217;elles ne sont plus n\u00e9cessaires.<\/p>\n<p style=\"text-align: justify;\">Par ailleurs, nous supprimons ou bloquons imm\u00e9diatement vos donn\u00e9es en cas de r\u00e9vocation de votre consentement et en cas d&#8217;opposition justifi\u00e9e au traitement des donn\u00e9es.<\/p>\n<p>&nbsp;<\/p>\n<h4><span style=\"color: #670202;\">5. Divulgation \u00e0 des tiers<\/span><\/h4>\n<p style=\"text-align: justify;\">Nous ne vendons, n\u2019\u00e9changeons et ne transf\u00e9rons pas vos informations personnelles identifiables \u00e0 des tiers \u00e0 des fins promotionnelles ni pour tout autre motif sans votre consentement pr\u00e9alable. Cela ne comprend pas les tierces parties de confiance qui nous aident \u00e0 exploiter notre site Web ou \u00e0 r\u00e9pondre \u00e0 vos demandes, tant que ces parties conviennent de garder ces informations confidentielles.<\/p>\n<p>&nbsp;<\/p>\n<h4><span style=\"color: #670202;\">6. Cookies<\/span><\/h4>\n<p style=\"text-align: justify;\">Les cookies sont des petits fichiers textes qui sont enregistr\u00e9s sur votre appareil (ordinateur, tablette ou mobile) lorsque vous naviguez sur Internet, y compris sur notre site Internet.<\/p>\n<p style=\"text-align: justify;\">Ce site web utilise Google Analytics, un service d&#8217;analyse web fourni par Google Inc.<br \/>\nGoogle Analytics utilise des cookies. Ces fichiers textes plac\u00e9s sur votre ordinateur permettent d&#8217;analyser l&#8217;utilisation du site par ses visiteurs. Les informations g\u00e9n\u00e9r\u00e9es par les cookies concernant votre utilisation du site (y compris votre adresse IP) sont transmises et stock\u00e9es par Google sur des serveurs situ\u00e9s aux Etats-Unis. Google ne reliera pas l&#8217;adresse IP transmise par votre navigateur dans le cadre de Google Analytics \u00e0 d&#8217;autres donn\u00e9es Google.<\/p>\n<p style=\"text-align: justify;\">Les cookies sont utilis\u00e9s pour analyser vos visites sur le site, pour g\u00e9n\u00e9rer des statistiques sur votre activit\u00e9 et nous fournir des rapports nous permettant de comprendre le comportement des internautes et d&#8217;apporter des am\u00e9liorations sur nos pages et nos contenus afin de rendre votre exp\u00e9rience toujours plus ludique.<\/p>\n<p style=\"text-align: justify;\">Vous pouvez d\u00e9sactiver l&#8217;utilisation de cookies par un simple param\u00e9trage de votre logiciel de navigation Internet.<\/p>\n<p style=\"text-align: justify;\">Les param\u00e8tres des navigateurs Internet sont g\u00e9n\u00e9ralement r\u00e9gl\u00e9s par d\u00e9faut pour accepter les cookies, mais vous pouvez facilement changer cela en modifiant les param\u00e8tres de votre navigateur.<\/p>\n<p style=\"text-align: justify;\">De nombreux cookies servent \u00e0 am\u00e9liorer l&#8217;ergonomie et le fonctionnement des sites Internet\/applications, par cons\u00e9quent, d\u00e9sactiver les cookies peut vous emp\u00eacher d&#8217;utiliser certaines parties de ce site.<\/p>\n<p style=\"text-align: justify;\">Si vous souhaitez restreindre ou bloquer tous les cookies qui sont d\u00e9pos\u00e9s par le sites Internet\/applications (ce qui peut vous emp\u00eacher d&#8217;utiliser certaines parties du site), vous pouvez le faire en vous rendant dans les param\u00e8tres de votre navigateur. La fonction Aide de votre navigateur vous indique la marche \u00e0 suivre. Pour de plus amples informations, vous pouvez consulter sur le site Internet de la CNIL par le lien suivant :<\/p>\n<p><a href=\"https:\/\/www.cnil.fr\/fr\/site-web-cookies-et-autres-traceurs\" target=\"_blank\" rel=\"noopener noreferrer\">https:\/\/www.cnil.fr\/fr\/site-web-cookies-et-autres-traceurs<\/a><\/p>\n<p>&nbsp;<\/p>\n<h4><span style=\"color: #670202;\">7. Protection des donn\u00e9es \u00e0 caract\u00e8re personnel<\/span><\/h4>\n<p style=\"text-align: justify;\">Nous mettons en \u0153uvre des mesures raisonnables de nature organisationnelle, technique et administrative pour assurer la s\u00e9curit\u00e9 de vos donn\u00e9es personnelles et les prot\u00e9ger contre tout traitement non autoris\u00e9 ou ill\u00e9gal et\/ou contre toute perte, alt\u00e9ration, divulgation ou acc\u00e8s accidentels.<\/p>\n<p>&nbsp;<\/p>\n<h4><span style=\"color: #670202;\">8. Consultation, rectification et suppression des donn\u00e9es personnelles<\/span><\/h4>\n<p style=\"text-align: justify;\">Conform\u00e9ment \u00e0 la loi Informatique et Libert\u00e9s et le R\u00e8glement G\u00e9n\u00e9ral sur la Protection des Donn\u00e9es (RGPD), vous disposez des droits d\u2019acc\u00e8s, de rectification et de suppression des donn\u00e9es personnelles vous concernant.<br \/>\nEn acc\u00e9dant \u00e0 notre site ou en nous contactant via des formulaires vous acceptez notre Politique de Confidentialit\u00e9, y compris le recueil et le traitement de vos donn\u00e9es personnelles.<\/p>\n<p style=\"text-align: justify;\">Si vous d\u00e9sirez retirer votre consentement pour l&#8217;utilisation de vos renseignements personnels pour une partie ou la totalit\u00e9 des fins susmentionn\u00e9es, veuillez nous contacter par mail en cliquant sur ce lien :\u00a0<a href=\"https:\/\/regischocolatier.chocolats.net\/en\/contactez-nous\/\">contact@<\/a>.<\/p>\n<p>Afin de r\u00e9pondre \u00e0 votre demande, nous pouvons exiger un justificatif d&#8217;identit\u00e9.<\/p>\n<p>&nbsp;<\/p>\n<h4><span style=\"color: #670202;\">9. Contact<\/span><\/h4>\n<p style=\"text-align: justify;\">Si vous avez des questions ou des remarques sur la mani\u00e8re dont nous traitons et utilisons vos donn\u00e9es \u00e0 caract\u00e8re personnel, ou si vous souhaitez exercer l&#8217;un quelconque de vos droits mentionn\u00e9s ci-dessus, veuillez nous contacter en suivant ce lien :\u00a0<a href=\"https:\/\/regischocolatier.chocolats.net\/en\/contactez-nous\/\">contact@<\/a><br \/>\nou nous \u00e9crire \u00e0 l&#8217;adresse suivante : REGIS CHOCOLATIER &#8211; 89 rue de Passy &#8211; 75016 PARIS.<\/p>\n\r\n\t\t<\/div>\r\n\t<\/div>\r\n<\/div><\/div><\/div><\/div>\n<\/div>","protected":false},"excerpt":{"rendered":"RGPD POLITIQUE DE PROTECTION DES DONNEES A CARACTERE PERSONNEL 1. Les donn\u00e9es \u00e0 caract\u00e8re personnel Les \u00ab donn\u00e9es \u00e0 caract\u00e8re personnel \u00bb d\u00e9signent toute information susceptible de vous identifier directement (par ex., votre nom) ou indirectement (par ex., par le biais de donn\u00e9es pseudonymis\u00e9es tel qu'un identifiant unique). Cela signifie que les donn\u00e9es \u00e0 caract\u00e8re ...","protected":false},"author":30,"featured_media":0,"parent":0,"menu_order":0,"comment_status":"closed","ping_status":"open","template":"","meta":{"footnotes":""},"class_list":["post-2518","page","type-page","status-publish","hentry"],"yoast_head":"<!-- This site is optimized with the Yoast SEO plugin v23.5 - https:\/\/yoast.com\/wordpress\/plugins\/seo\/ -->\n<title>RGPD - REGIS CHOCOLATERIE<\/title>\n<meta name=\"robots\" content=\"noindex, nofollow\" \/>\n<meta property=\"og:locale\" content=\"en_GB\" \/>\n<meta property=\"og:type\" content=\"article\" \/>\n<meta property=\"og:title\" content=\"RGPD - REGIS CHOCOLATERIE\" \/>\n<meta property=\"og:url\" content=\"https:\/\/regischocolatier.chocolats.net\/en\/politique-de-protection-des-donnees-a-caractere-personnel\/\" \/>\n<meta property=\"og:site_name\" content=\"REGIS CHOCOLATERIE\" \/>\n<meta property=\"article:modified_time\" content=\"2020-12-04T12:50:35+00:00\" \/>\n<meta name=\"twitter:card\" content=\"summary_large_image\" \/>\n<meta name=\"twitter:label1\" content=\"Estimated reading time\" \/>\n\t<meta name=\"twitter:data1\" content=\"7 minutes\" \/>\n<script type=\"application\/ld+json\" class=\"yoast-schema-graph\">{\"@context\":\"https:\/\/schema.org\",\"@graph\":[{\"@type\":\"WebPage\",\"@id\":\"https:\/\/regischocolatier.chocolats.net\/politique-de-protection-des-donnees-a-caractere-personnel\/\",\"url\":\"https:\/\/regischocolatier.chocolats.net\/politique-de-protection-des-donnees-a-caractere-personnel\/\",\"name\":\"RGPD - REGIS CHOCOLATERIE\",\"isPartOf\":{\"@id\":\"https:\/\/regischocolatier.chocolats.net\/#website\"},\"datePublished\":\"2020-09-25T09:39:19+00:00\",\"dateModified\":\"2020-12-04T12:50:35+00:00\",\"breadcrumb\":{\"@id\":\"https:\/\/regischocolatier.chocolats.net\/politique-de-protection-des-donnees-a-caractere-personnel\/#breadcrumb\"},\"inLanguage\":\"en-GB\",\"potentialAction\":[{\"@type\":\"ReadAction\",\"target\":[\"https:\/\/regischocolatier.chocolats.net\/politique-de-protection-des-donnees-a-caractere-personnel\/\"]}]},{\"@type\":\"BreadcrumbList\",\"@id\":\"https:\/\/regischocolatier.chocolats.net\/politique-de-protection-des-donnees-a-caractere-personnel\/#breadcrumb\",\"itemListElement\":[{\"@type\":\"ListItem\",\"position\":1,\"name\":\"Home\",\"item\":\"https:\/\/regischocolatier.chocolats.net\/\"},{\"@type\":\"ListItem\",\"position\":2,\"name\":\"RGPD\"}]},{\"@type\":\"WebSite\",\"@id\":\"https:\/\/regischocolatier.chocolats.net\/#website\",\"url\":\"https:\/\/regischocolatier.chocolats.net\/\",\"name\":\"REGIS CHOCOLATERIE\",\"description\":\"REGIS chocolatier, ma\u00eetre chocolatier depuis plus de 70 ans.\",\"potentialAction\":[{\"@type\":\"SearchAction\",\"target\":{\"@type\":\"EntryPoint\",\"urlTemplate\":\"https:\/\/regischocolatier.chocolats.net\/?s={search_term_string}\"},\"query-input\":{\"@type\":\"PropertyValueSpecification\",\"valueRequired\":true,\"valueName\":\"search_term_string\"}}],\"inLanguage\":\"en-GB\"}]}<\/script>\n<!-- \/ Yoast SEO plugin. -->","yoast_head_json":{"title":"RGPD - REGIS CHOCOLATERIE","robots":{"index":"noindex","follow":"nofollow"},"og_locale":"en_GB","og_type":"article","og_title":"RGPD - REGIS CHOCOLATERIE","og_url":"https:\/\/regischocolatier.chocolats.net\/en\/politique-de-protection-des-donnees-a-caractere-personnel\/","og_site_name":"REGIS CHOCOLATERIE","article_modified_time":"2020-12-04T12:50:35+00:00","twitter_card":"summary_large_image","twitter_misc":{"Estimated reading time":"7 minutes"},"schema":{"@context":"https:\/\/schema.org","@graph":[{"@type":"WebPage","@id":"https:\/\/regischocolatier.chocolats.net\/politique-de-protection-des-donnees-a-caractere-personnel\/","url":"https:\/\/regischocolatier.chocolats.net\/politique-de-protection-des-donnees-a-caractere-personnel\/","name":"RGPD - REGIS CHOCOLATERIE","isPartOf":{"@id":"https:\/\/regischocolatier.chocolats.net\/#website"},"datePublished":"2020-09-25T09:39:19+00:00","dateModified":"2020-12-04T12:50:35+00:00","breadcrumb":{"@id":"https:\/\/regischocolatier.chocolats.net\/politique-de-protection-des-donnees-a-caractere-personnel\/#breadcrumb"},"inLanguage":"en-GB","potentialAction":[{"@type":"ReadAction","target":["https:\/\/regischocolatier.chocolats.net\/politique-de-protection-des-donnees-a-caractere-personnel\/"]}]},{"@type":"BreadcrumbList","@id":"https:\/\/regischocolatier.chocolats.net\/politique-de-protection-des-donnees-a-caractere-personnel\/#breadcrumb","itemListElement":[{"@type":"ListItem","position":1,"name":"Home","item":"https:\/\/regischocolatier.chocolats.net\/"},{"@type":"ListItem","position":2,"name":"RGPD"}]},{"@type":"WebSite","@id":"https:\/\/regischocolatier.chocolats.net\/#website","url":"https:\/\/regischocolatier.chocolats.net\/","name":"REGIS CHOCOLATERIE","description":"REGIS chocolatier, ma\u00eetre chocolatier depuis plus de 70 ans.","potentialAction":[{"@type":"SearchAction","target":{"@type":"EntryPoint","urlTemplate":"https:\/\/regischocolatier.chocolats.net\/?s={search_term_string}"},"query-input":{"@type":"PropertyValueSpecification","valueRequired":true,"valueName":"search_term_string"}}],"inLanguage":"en-GB"}]}},"_links":{"self":[{"href":"https:\/\/regischocolatier.chocolats.net\/en\/wp-json\/wp\/v2\/pages\/2518","targetHints":{"allow":["GET"]}}],"collection":[{"href":"https:\/\/regischocolatier.chocolats.net\/en\/wp-json\/wp\/v2\/pages"}],"about":[{"href":"https:\/\/regischocolatier.chocolats.net\/en\/wp-json\/wp\/v2\/types\/page"}],"author":[{"embeddable":true,"href":"https:\/\/regischocolatier.chocolats.net\/en\/wp-json\/wp\/v2\/users\/30"}],"replies":[{"embeddable":true,"href":"https:\/\/regischocolatier.chocolats.net\/en\/wp-json\/wp\/v2\/comments?post=2518"}],"version-history":[{"count":25,"href":"https:\/\/regischocolatier.chocolats.net\/en\/wp-json\/wp\/v2\/pages\/2518\/revisions"}],"predecessor-version":[{"id":3581,"href":"https:\/\/regischocolatier.chocolats.net\/en\/wp-json\/wp\/v2\/pages\/2518\/revisions\/3581"}],"wp:attachment":[{"href":"https:\/\/regischocolatier.chocolats.net\/en\/wp-json\/wp\/v2\/media?parent=2518"}],"curies":[{"name":"wp","href":"https:\/\/api.w.org\/{rel}","templated":true}]}}