{"id":2310,"date":"2018-07-29T13:14:00","date_gmt":"2018-07-29T13:14:00","guid":{"rendered":"http:\/\/vavenue.lifeis.design\/demos\/vavenue-fragrances\/?page_id=3"},"modified":"2020-12-04T09:25:48","modified_gmt":"2020-12-04T08:25:48","slug":"privacy-policy","status":"publish","type":"page","link":"https:\/\/regischocolatier.chocolats.net\/en\/privacy-policy\/","title":{"rendered":"CGV"},"content":{"rendered":"<div class=\"wpb-content-wrapper\"><div data-vc-full-width=\"true\" data-vc-full-width-init=\"false\" data-vc-stretch-content=\"true\" data-vc-parallax=\"1.5\" data-vc-parallax-o-fade=\"on\" data-vc-parallax-image=\"https:\/\/regischocolatier.chocolats.net\/wp-content\/uploads\/2020\/11\/SB_8137.jpg\" class=\"vc_row wpb_row vc_row-fluid wpb_animate_when_almost_visible wpb_av5-revealBottom av5-revealBottom vc_row-has-fill vc_row-no-padding vc_row-o-content-bottom vc_row-flex vc_general vc_parallax vc_parallax-content-moving-fade js-vc_parallax-o-fade\"><div class=\"av5-revealer__layer\" style=\" background: #ffffff;\"><\/div><style>.vc_column_container.av5_custom_1776656269_1019460493 .av5-revealer__layer { background: #ffffff!important;}<\/style><div class=\"col_cgv wpb_column vc_column_container vc_col-sm-12 av5_custom_1776656269_1019460493 align-center\"><div class=\"vc_column-inner\"><div class=\"wpb_wrapper\"><div class=\"vc_empty_space  col_cgv\"   style=\"height: 32px\"><span class=\"vc_empty_space_inner\"><\/span><\/div><\/div><\/div><\/div><\/div><div class=\"vc_row-full-width vc_clearfix\"><\/div><div class=\"vc_row wpb_row vc_row-fluid vc_row-o-content-middle vc_row-flex\"><style>.vc_column_container.av5_custom_1776656269_1133993730 .av5-revealer__layer { background: #ffffff!important;}<\/style><div class=\"wpb_column vc_column_container vc_col-sm-12 av5_custom_1776656269_1133993730\"><div class=\"vc_column-inner\"><div class=\"wpb_wrapper\">\r\n\t<div class=\"wpb_text_column wpb_content_element  wpb_animate_when_almost_visible wpb_fadeInDown fadeInDown vc_custom_1607069662995 cgv_text vc_custom_1607069662995 av5_custom_1776656269_316573356\" >\r\n\t\t<div class=\"wpb_wrapper\">\r\n\t\t\t<h3 style=\"text-align: center;\"><span style=\"color: #330100;\">NOS CONDITIONS G\u00e9n\u00e9rales de VENTES<\/span><\/h3>\n<div id=\"gtx-trans\" style=\"position: absolute; left: 198px; top: 43.7125px;\">\n<div class=\"gtx-trans-icon\"><\/div>\n<\/div>\n\r\n\t\t<\/div>\r\n\t<\/div>\r\n<div class=\"vc_separator wpb_content_element vc_separator_align_center vc_sep_width_50 vc_sep_border_width_7 vc_sep_pos_align_center vc_separator_no_text vc_custom_1601018007533 wpb_content_element  vc_custom_1601018007533 wpb_content_element wpb_animate_when_almost_visible wpb_fadeIn fadeIn wpb_animate_when_almost_visible wpb_fadeIn fadeIn\" ><span class=\"vc_sep_holder vc_sep_holder_l\"><span style=\"border-color:#ff9966;\" class=\"vc_sep_line\"><\/span><\/span><span class=\"vc_sep_holder vc_sep_holder_r\"><span style=\"border-color:#ff9966;\" class=\"vc_sep_line\"><\/span><\/span>\n<\/div>\r\n\t<div class=\"wpb_text_column wpb_content_element  wpb_animate_when_almost_visible wpb_av5-fadeInUp av5-fadeInUp col_conditions av5_custom_1776656269_724115633\" >\r\n\t\t<div class=\"wpb_wrapper\">\r\n\t\t\t<h4 style=\"text-align: center;\"><span style=\"color: #670202;\">ARTICLE 1 : OBJET<\/span><\/h4>\n<p style=\"text-align: center;\">Les pr\u00e9sentes conditions g\u00e9n\u00e9rales de vente d\u00e9finissent les termes et conditions aff\u00e9rentes au fournisseur des produits et au client dans le cadre de la vente des produits r\u00e9f\u00e9renc\u00e9s sur le site.<\/p>\n<p>&nbsp;<\/p>\n<h4 style=\"text-align: center;\"><span style=\"color: #670202;\">ARTICLE 2 : COMMANDE<\/span><\/h4>\n<p style=\"text-align: center;\">Afin de valider une commande, le client devra :<\/p>\n<p style=\"text-align: center;\">S&#8217;identifier en remplissant le formulaire mis \u00e0 sa disposition sur le site et veillant \u00e0 donner les informations n\u00e9cessaires, compl\u00e8tes et exactes.<\/p>\n<p style=\"text-align: center;\">Prendre connaissance des conditions g\u00e9n\u00e9rales de vente. La validation de la commande \u00e9quivaut \u00e0 l&#8217;acceptation des conditions de vente.<\/p>\n<p style=\"text-align: center;\">Valider d\u00e9finitivement sa commande en choisissant en effectuant le r\u00e8glement de la commande selon les choix de paiements propos\u00e9s. Un num\u00e9ro de commande sera affich\u00e9 sur la facture communiqu\u00e9e \u00e0 l&#8217;adresse e-mail du client.<\/p>\n<p>&nbsp;<\/p>\n<h4 style=\"text-align: center;\"><span style=\"color: #670202;\">ARTICLE 3 : LES PRODUITS<\/span><\/h4>\n<p style=\"text-align: center;\">REGIS CHOCOLATIER garantit au client la r\u00e9alisation de ses produits selon les normes de qualit\u00e9 et de conservation en vigueur en France. Toutefois, REGIS CHOCOLATIER ne saurait garantir ses produits dans l&#8217;hypoth\u00e8se d&#8217;un non respect du client des r\u00e8gles de conservation optimum des produits livr\u00e9s ou d&#8217;une \u00e9ventuelle consommation au del\u00e0 de la date limite de conservation indiqu\u00e9e au dos de l&#8217;emballage.<\/p>\n<p>&nbsp;<\/p>\n<h4 style=\"text-align: center;\"><span style=\"color: #670202;\">ARTICLE 4 : PRIX<\/span><\/h4>\n<p style=\"text-align: center;\">Le tarif applicable aux produits command\u00e9s est celui qui est indiqu\u00e9 sur le pr\u00e9sent site au jour de la commande pour le ou les produits command\u00e9s.<\/p>\n<p>&nbsp;<\/p>\n<h4 style=\"text-align: center;\"><span style=\"color: #670202;\">ARTICLE 5 : PAIEMENT<\/span><\/h4>\n<p style=\"text-align: center;\">Le r\u00e8glement des commandes s&#8217;effectue : o soit en ligne par carte bancaire (VISA, MASTERCARD\/EUROCARD) suivant une liaison s\u00e9curis\u00e9e par cryptage (SOGENACTIF selon le protocole SSL.). L&#8217;exp\u00e9dition de la commande ne peut intervenir qu&#8217;apr\u00e8s validation du moyen de paiement par l&#8217;op\u00e9rateur de paiement. o Soit par ch\u00e8que bancaire libell\u00e9 \u00e0 l&#8217;ordre de REGIS chocolatier. L&#8217;exp\u00e9dition de la commande ne peut intervenir qu&#8217;apr\u00e8s r\u00e9ception du paiement. La monnaie utilis\u00e9e pour la transaction est l&#8217;Euro.<\/p>\n<p>&nbsp;<\/p>\n<h4 style=\"text-align: center;\"><span style=\"color: #670202;\">ARTICLE 6 : LIVRAISON<\/span><\/h4>\n<p style=\"text-align: center;\">Les produits sont livr\u00e9s \u00e0 l&#8217;adresse indiqu\u00e9e par le client lors de sa commande, dans les d\u00e9lais d\u00e9finis sur le site. Les d\u00e9lais de livraison sont communiqu\u00e9s \u00e0 titre indicatif et REGIS CHOCOLATIER ne peut \u00eatre tenu responsable pour d&#8217;\u00e9ventuels retards survenus dans la livraison des produits en raison d&#8217;\u00e9v\u00e8nements ext\u00e9rieurs tels que gr\u00e8ve du transporteur, arr\u00eat des moyens de transports et tout autre cas de force majeure qui pourrait emp\u00eacher ou retarder une livraison. Les frais de transport ne sont pas compris dans le prix des produits, ces frais varient selon le lieu de livraison. Le montant des frais est affich\u00e9 sur l&#8217;\u00e9cran r\u00e9capitulatif de la commande du client.<\/p>\n<p>&nbsp;<\/p>\n<h4 style=\"text-align: center;\"><span style=\"color: #670202;\">ARTICLE 7 : DROITS DE DOUANE ET AUTRES TAXES LOCALES<\/span><\/h4>\n<p style=\"text-align: center;\">Les droits de douane et autres taxes locales dans le pays du destinataire, si applicables, seront int\u00e9gralement \u00e0 la charge du client.<\/p>\n<p>&nbsp;<\/p>\n<h4 style=\"text-align: center;\"><span style=\"color: #670202;\">ARTICLE 8 : CHARGE DES RISQUES<\/span><\/h4>\n<p style=\"text-align: center;\">Conform\u00e9ment aux termes de l&#8217;article L121-16 du code de la consommation, le client dispose d&#8217;un d\u00e9lai de sept jours suivant la livraison des produits pour renvoyer \u00e0 ses frais les produits \u00e0 REGIS CHOCOLATIER et pour demander l&#8217;\u00e9change ou le remboursement. La charge des risques sur les produits est assur\u00e9e par REGIS CHOCOLATIER durant le temps de transport et jusqu&#8217;\u00e0 la livraison au client. Les produits seront remis au client contre signature. En cas d&#8217;avarie, de dommage ou de manquant, toute r\u00e9clamation devra \u00eatre formul\u00e9e par e-mail et lettre recommand\u00e9e dans les 48 heures suivant la livraison. Toutefois, tout colis retourn\u00e9 apr\u00e8s avoir \u00e9t\u00e9 pr\u00e9sent\u00e9 dans les d\u00e9lais requis \u00e0 l&#8217;adresse indiqu\u00e9e sur la commande, ne pourra en aucun cas, faire l&#8217;objet d&#8217;un quelconque remboursement. Conform\u00e9ment aux termes de l&#8217;article L121-16 du code de la consommation, le client dispose d&#8217;un d\u00e9lai de sept jours suivant la livraison des produits pour renvoyer \u00e0 ses frais les produits \u00e0 REGIS CHOCOLATIER et pour demander l&#8217;\u00e9change ou le remboursement.<\/p>\n<p>&nbsp;<\/p>\n<h4 style=\"text-align: center;\"><span style=\"color: #670202;\">ARTICLE 9 : INFORMATION NOMINATIVES<\/span><\/h4>\n<p style=\"text-align: center;\">Les informations personnelles collect\u00e9es sur le site sont n\u00e9cessaires au traitement des commandes et pourront \u00eatre transmises aux partenaires contractuels de REGIS CHOCOLATIER. N\u00e9anmoins conform\u00e9ment aux articles 26 et 27 de la loi n\u00b078-17 du 06 janvier 78, toute personne physique a le droit de s&#8217;opposer \u00e0 ce que ces informations soient l&#8217;objet d&#8217;un traitement. Cette opposition devra \u00eatre notifi\u00e9e dans la rubrique \u00ab laisser votre message \u00bb du tableau de confirmation de commande.<\/p>\n<p>&nbsp;<\/p>\n<h4 style=\"text-align: center;\"><span style=\"color: #670202;\">ARTICLE 10 : DROIT APPLICABLE ET JURIDICTION COMPETENTE<\/span><\/h4>\n<p style=\"text-align: center;\">Les pr\u00e9sentes conditions g\u00e9n\u00e9rales de vente sont soumises au droit fran\u00e7ais. Tout diff\u00e9rent ou litige concernant ces derni\u00e8res rel\u00e8ve de la comp\u00e9tence exclusive des tribunaux de Paris.<\/p>\n<p>&nbsp;<\/p>\n<h4 style=\"text-align: center;\"><span style=\"color: #670202;\">ARTICLE 11 : TITULARITE DES DROITS<\/span><\/h4>\n<p style=\"text-align: center;\">REGIS CHOCOLATIER dispose de tous les droits sur les images, textes, noms, logo et packaging figurant sur le site. Ces \u00e9l\u00e9ments sont prot\u00e9g\u00e9s par des droits de propri\u00e9t\u00e9 dont REGIS CHOCOLATIER est titulaire des droits d&#8217;exploitation. Le client s&#8217;interdit donc de reproduire, adapter, transmettre \u00e0 des tiers, commercialiser, repr\u00e9senter, traduire ou modifier les \u00e9l\u00e9ments cit\u00e9s en r\u00e9f\u00e9rence.<\/p>\n\r\n\t\t<\/div>\r\n\t<\/div>\r\n<\/div><\/div><\/div><\/div>\n<\/div>","protected":false},"excerpt":{"rendered":"NOS CONDITIONS G\u00e9n\u00e9rales de VENTES ARTICLE 1 : OBJET Les pr\u00e9sentes conditions g\u00e9n\u00e9rales de vente d\u00e9finissent les termes et conditions aff\u00e9rentes au fournisseur des produits et au client dans le cadre de la vente des produits r\u00e9f\u00e9renc\u00e9s sur le site. &nbsp; ARTICLE 2 : COMMANDE Afin de valider une commande, le client devra : S'identifier ...","protected":false},"author":30,"featured_media":0,"parent":0,"menu_order":0,"comment_status":"closed","ping_status":"open","template":"","meta":{"footnotes":""},"class_list":["post-2310","page","type-page","status-publish","hentry"],"yoast_head":"<!-- This site is optimized with the Yoast SEO plugin v23.5 - https:\/\/yoast.com\/wordpress\/plugins\/seo\/ -->\n<title>CGV - REGIS CHOCOLATERIE<\/title>\n<meta name=\"robots\" content=\"noindex, nofollow\" \/>\n<meta property=\"og:locale\" content=\"en_GB\" \/>\n<meta property=\"og:type\" content=\"article\" \/>\n<meta property=\"og:title\" content=\"CGV - REGIS CHOCOLATERIE\" \/>\n<meta property=\"og:url\" content=\"https:\/\/regischocolatier.chocolats.net\/en\/privacy-policy\/\" \/>\n<meta property=\"og:site_name\" content=\"REGIS CHOCOLATERIE\" \/>\n<meta property=\"article:modified_time\" content=\"2020-12-04T08:25:48+00:00\" \/>\n<meta name=\"twitter:card\" content=\"summary_large_image\" \/>\n<meta name=\"twitter:label1\" content=\"Estimated reading time\" \/>\n\t<meta name=\"twitter:data1\" content=\"5 minutes\" \/>\n<script type=\"application\/ld+json\" class=\"yoast-schema-graph\">{\"@context\":\"https:\/\/schema.org\",\"@graph\":[{\"@type\":\"WebPage\",\"@id\":\"https:\/\/regischocolatier.chocolats.net\/privacy-policy\/\",\"url\":\"https:\/\/regischocolatier.chocolats.net\/privacy-policy\/\",\"name\":\"CGV - REGIS CHOCOLATERIE\",\"isPartOf\":{\"@id\":\"https:\/\/regischocolatier.chocolats.net\/#website\"},\"datePublished\":\"2018-07-29T13:14:00+00:00\",\"dateModified\":\"2020-12-04T08:25:48+00:00\",\"breadcrumb\":{\"@id\":\"https:\/\/regischocolatier.chocolats.net\/privacy-policy\/#breadcrumb\"},\"inLanguage\":\"en-GB\",\"potentialAction\":[{\"@type\":\"ReadAction\",\"target\":[\"https:\/\/regischocolatier.chocolats.net\/privacy-policy\/\"]}]},{\"@type\":\"BreadcrumbList\",\"@id\":\"https:\/\/regischocolatier.chocolats.net\/privacy-policy\/#breadcrumb\",\"itemListElement\":[{\"@type\":\"ListItem\",\"position\":1,\"name\":\"Home\",\"item\":\"https:\/\/regischocolatier.chocolats.net\/\"},{\"@type\":\"ListItem\",\"position\":2,\"name\":\"CGV\"}]},{\"@type\":\"WebSite\",\"@id\":\"https:\/\/regischocolatier.chocolats.net\/#website\",\"url\":\"https:\/\/regischocolatier.chocolats.net\/\",\"name\":\"REGIS CHOCOLATERIE\",\"description\":\"REGIS chocolatier, ma\u00eetre chocolatier depuis plus de 70 ans.\",\"potentialAction\":[{\"@type\":\"SearchAction\",\"target\":{\"@type\":\"EntryPoint\",\"urlTemplate\":\"https:\/\/regischocolatier.chocolats.net\/?s={search_term_string}\"},\"query-input\":{\"@type\":\"PropertyValueSpecification\",\"valueRequired\":true,\"valueName\":\"search_term_string\"}}],\"inLanguage\":\"en-GB\"}]}<\/script>\n<!-- \/ Yoast SEO plugin. -->","yoast_head_json":{"title":"CGV - REGIS CHOCOLATERIE","robots":{"index":"noindex","follow":"nofollow"},"og_locale":"en_GB","og_type":"article","og_title":"CGV - REGIS CHOCOLATERIE","og_url":"https:\/\/regischocolatier.chocolats.net\/en\/privacy-policy\/","og_site_name":"REGIS CHOCOLATERIE","article_modified_time":"2020-12-04T08:25:48+00:00","twitter_card":"summary_large_image","twitter_misc":{"Estimated reading time":"5 minutes"},"schema":{"@context":"https:\/\/schema.org","@graph":[{"@type":"WebPage","@id":"https:\/\/regischocolatier.chocolats.net\/privacy-policy\/","url":"https:\/\/regischocolatier.chocolats.net\/privacy-policy\/","name":"CGV - REGIS CHOCOLATERIE","isPartOf":{"@id":"https:\/\/regischocolatier.chocolats.net\/#website"},"datePublished":"2018-07-29T13:14:00+00:00","dateModified":"2020-12-04T08:25:48+00:00","breadcrumb":{"@id":"https:\/\/regischocolatier.chocolats.net\/privacy-policy\/#breadcrumb"},"inLanguage":"en-GB","potentialAction":[{"@type":"ReadAction","target":["https:\/\/regischocolatier.chocolats.net\/privacy-policy\/"]}]},{"@type":"BreadcrumbList","@id":"https:\/\/regischocolatier.chocolats.net\/privacy-policy\/#breadcrumb","itemListElement":[{"@type":"ListItem","position":1,"name":"Home","item":"https:\/\/regischocolatier.chocolats.net\/"},{"@type":"ListItem","position":2,"name":"CGV"}]},{"@type":"WebSite","@id":"https:\/\/regischocolatier.chocolats.net\/#website","url":"https:\/\/regischocolatier.chocolats.net\/","name":"REGIS CHOCOLATERIE","description":"REGIS chocolatier, ma\u00eetre chocolatier depuis plus de 70 ans.","potentialAction":[{"@type":"SearchAction","target":{"@type":"EntryPoint","urlTemplate":"https:\/\/regischocolatier.chocolats.net\/?s={search_term_string}"},"query-input":{"@type":"PropertyValueSpecification","valueRequired":true,"valueName":"search_term_string"}}],"inLanguage":"en-GB"}]}},"_links":{"self":[{"href":"https:\/\/regischocolatier.chocolats.net\/en\/wp-json\/wp\/v2\/pages\/2310","targetHints":{"allow":["GET"]}}],"collection":[{"href":"https:\/\/regischocolatier.chocolats.net\/en\/wp-json\/wp\/v2\/pages"}],"about":[{"href":"https:\/\/regischocolatier.chocolats.net\/en\/wp-json\/wp\/v2\/types\/page"}],"author":[{"embeddable":true,"href":"https:\/\/regischocolatier.chocolats.net\/en\/wp-json\/wp\/v2\/users\/30"}],"replies":[{"embeddable":true,"href":"https:\/\/regischocolatier.chocolats.net\/en\/wp-json\/wp\/v2\/comments?post=2310"}],"version-history":[{"count":39,"href":"https:\/\/regischocolatier.chocolats.net\/en\/wp-json\/wp\/v2\/pages\/2310\/revisions"}],"predecessor-version":[{"id":3561,"href":"https:\/\/regischocolatier.chocolats.net\/en\/wp-json\/wp\/v2\/pages\/2310\/revisions\/3561"}],"wp:attachment":[{"href":"https:\/\/regischocolatier.chocolats.net\/en\/wp-json\/wp\/v2\/media?parent=2310"}],"curies":[{"name":"wp","href":"https:\/\/api.w.org\/{rel}","templated":true}]}}