{"id":2673,"date":"2020-11-02T14:39:44","date_gmt":"2020-11-02T13:39:44","guid":{"rendered":"http:\/\/regischoco.com\/?page_id=2673"},"modified":"2020-12-07T16:13:44","modified_gmt":"2020-12-07T15:13:44","slug":"retrait-en-magasin","status":"publish","type":"page","link":"http:\/\/regischocolatier.chocolats.net\/en\/retrait-en-magasin\/","title":{"rendered":"RETRAIT EN MAGASIN"},"content":{"rendered":"<div class=\"wpb-content-wrapper\"><div data-vc-full-width=\"true\" data-vc-full-width-init=\"false\" data-vc-stretch-content=\"true\" data-vc-parallax=\"1.5\" data-vc-parallax-image=\"https:\/\/regischocolatier.chocolats.net\/wp-content\/uploads\/2020\/11\/SB_8181-1.jpg\" class=\"vc_row wpb_row vc_row-fluid photo_retrait_magasin wpb_animate_when_almost_visible wpb_av5-revealBottom av5-revealBottom vc_row-has-fill vc_row-no-padding vc_row-o-content-bottom vc_row-flex vc_general vc_parallax vc_parallax-content-moving\"><div class=\"av5-revealer__layer\" style=\" background: #ffffff;\"><\/div><style>.vc_column_container.av5_custom_1776666925_80993666 .av5-revealer__layer { background: #ffffff!important;}<\/style><div class=\"wpb_animate_when_almost_visible wpb_av5-fadeInUp av5-fadeInUp wpb_column vc_column_container vc_col-sm-12 av5_custom_1776666925_80993666\"><div class=\"vc_column-inner\"><div class=\"wpb_wrapper\">\r\n\t<div class=\"wpb_text_column wpb_content_element  wpb_animate_when_almost_visible wpb_fadeInUp fadeInUp vc_custom_1604325247707 vc_custom_1604325247707 av5_custom_1776666925_1620913262\" >\r\n\t\t<div class=\"wpb_wrapper\">\r\n\t\t\t<h1 style=\"text-align: center;\">RETRAIT EN MAGASIN<\/h1>\n\r\n\t\t<\/div>\r\n\t<\/div>\r\n<\/div><\/div><\/div><\/div><div class=\"vc_row-full-width vc_clearfix\"><\/div><div class=\"vc_row wpb_row vc_row-fluid rangee_retrait_magasin vc_row-o-full-height vc_row-o-columns-middle vc_row-flex\"><style>.vc_column_container.av5_custom_1776666925_809552564 .av5-revealer__layer { background: #ffffff!important;}<\/style><div class=\"wpb_column vc_column_container vc_col-sm-12 av5_custom_1776666925_809552564\"><div class=\"vc_column-inner\"><div class=\"wpb_wrapper\">\r\n\t<div class=\"wpb_text_column wpb_content_element  wpb_animate_when_almost_visible wpb_fadeInRight fadeInRight av5_custom_1776666925_150694871\" >\r\n\t\t<div class=\"wpb_wrapper\">\r\n\t\t\t<div class=\"wpb_text_column wpb_content_element fancy-title--small av5_custom_1600958097_947472618\">\n<div class=\"wpb_wrapper\">\n<p>&nbsp;<\/p>\n<\/div>\n<\/div>\n<div class=\"wpb_text_column wpb_content_element av5_custom_1600958097_1539795631\">\n<div class=\"wpb_wrapper\">\n<h1 class=\"click\" style=\"color: #ff9966;\">CLIQUEZ, SUCCOMBEZ, VENEZ ME CHERCHER<\/h1>\n<\/div>\n<\/div>\n\r\n\t\t<\/div>\r\n\t<\/div>\r\n\r\n\t<div class=\"wpb_text_column wpb_content_element  wpb_animate_when_almost_visible wpb_right-to-left right-to-left av5_custom_1776666925_1645905932\" >\r\n\t\t<div class=\"wpb_wrapper\">\r\n\t\t\t<div class=\"wpb_wrapper\">\n<h4>COMMANDEZ EN LIGNE SUR NOTRE SITE :\u00a0 <strong>www.regischocolatier.chocolats.net<\/strong><\/h4>\n<h5>3 heures apr\u00e8s retirez votre achat dans notre magasin<\/h5>\n<\/div>\n\r\n\t\t<\/div>\r\n\t<\/div>\r\n<div class=\"vc_separator wpb_content_element vc_separator_align_center vc_sep_width_50 vc_sep_border_width_4 vc_sep_pos_align_center vc_separator_no_text vc_custom_1604325736416 wpb_content_element  vc_custom_1604325736416 wpb_content_element wpb_animate_when_almost_visible wpb_fadeIn fadeIn wpb_animate_when_almost_visible wpb_fadeIn fadeIn\" ><span class=\"vc_sep_holder vc_sep_holder_l\"><span style=\"border-color:#ff9966;\" class=\"vc_sep_line\"><\/span><\/span><span class=\"vc_sep_holder vc_sep_holder_r\"><span style=\"border-color:#ff9966;\" class=\"vc_sep_line\"><\/span><\/span>\n<\/div>\r\n\t<div class=\"wpb_text_column wpb_content_element  wpb_animate_when_almost_visible wpb_right-to-left right-to-left av5_custom_1776666925_567828724\" >\r\n\t\t<div class=\"wpb_wrapper\">\r\n\t\t\t<div class=\"wpb_wrapper\">\n<h4>1, 2, 3 c&#8217;est parti :<\/h4>\n<\/div>\n<div class=\"vc_row wpb_row vc_inner vc_row-fluid mpc-row\">\n<div class=\"wpb_column vc_column_container vc_col-sm-12 mpc-column\" data-column-id=\"mpc_column-725f6cae9139bb7\">\n<div class=\"vc_column-inner vc_custom_1533836355988\">\n<div class=\"wpb_wrapper\">\n<div class=\"wpb_text_column wpb_content_element av5_custom_1600958097_308663569\">\n<div class=\"wpb_wrapper\">\n<p>&nbsp;<\/p>\n<p><b>1)<\/b>\u00a0Ajoutez vos produits au panier<br \/>\nS\u00e9lectionner la livraison Retrait en magasin<\/p>\n<p><b>2)<\/b>\u00a0Votre commande est pr\u00e9par\u00e9e sous 3h en magasin<br \/>\nLorsque votre commande est pr\u00eate, vous recevrez un email de confirmation. D\u00e8s sa r\u00e9ception, vous pouvez retirer votre commande en magasin.<\/p>\n<p><b>3)<\/b>\u00a0Rendez-vous dans notre magasin 89, rue de Passy 75016 Paris<br \/>\nPr\u00e9sentez votre pi\u00e8ce d&#8217;identit\u00e9 et le num\u00e9ro de commande.<br \/>\nVotre commande est pr\u00eate.<\/p>\n<\/div>\n<\/div>\n<\/div>\n<\/div>\n<\/div>\n\r\n\t\t<\/div>\r\n\t<\/div>\r\n<\/div><\/div><\/div><\/div><div class=\"vc_row wpb_row vc_row-fluid\"><style>.vc_column_container.av5_custom_1776666925_1603313199 .av5-revealer__layer { background: #ffffff!important;}<\/style><div class=\"wpb_column vc_column_container vc_col-sm-12 av5_custom_1776666925_1603313199\"><div class=\"vc_column-inner\"><div class=\"wpb_wrapper\"><\/div><\/div><\/div><\/div><div class=\"vc_row wpb_row vc_row-fluid\"><style>.vc_column_container.av5_custom_1776666925_1739790411 .av5-revealer__layer { background: #ffffff!important;}<\/style><div class=\"wpb_column vc_column_container vc_col-sm-12 av5_custom_1776666925_1739790411\"><div class=\"vc_column-inner\"><div class=\"wpb_wrapper\">\r\n\t<div class=\"wpb_text_column wpb_content_element  av5_custom_1776666925_127651153\" >\r\n\t\t<div class=\"wpb_wrapper\">\r\n\t\t\t<\/div>\n\r\n\t\t<\/div>\r\n\t<\/div>\r\n<\/div><\/div><\/div><\/div>\n<\/div>","protected":false},"excerpt":{"rendered":"RETRAIT EN MAGASIN &nbsp; CLIQUEZ, SUCCOMBEZ, VENEZ ME CHERCHER COMMANDEZ EN LIGNE SUR NOTRE SITE :\u00a0 www.regischocolatier.chocolats.net 3 heures apr\u00e8s retirez votre achat dans notre magasin 1, 2, 3 c'est parti : &nbsp; 1)\u00a0Ajoutez vos produits au panier S\u00e9lectionner la livraison Retrait en magasin 2)\u00a0Votre commande est pr\u00e9par\u00e9e sous 3h en magasin Lorsque votre commande ...","protected":false},"author":30,"featured_media":0,"parent":0,"menu_order":0,"comment_status":"closed","ping_status":"closed","template":"","meta":{"footnotes":""},"class_list":["post-2673","page","type-page","status-publish","hentry"],"yoast_head":"<!-- This site is optimized with the Yoast SEO plugin v23.5 - https:\/\/yoast.com\/wordpress\/plugins\/seo\/ -->\n<title>RETRAIT EN MAGASIN - REGIS CHOCOLATERIE<\/title>\n<meta name=\"robots\" content=\"index, follow, max-snippet:-1, max-image-preview:large, max-video-preview:-1\" \/>\n<link rel=\"canonical\" href=\"https:\/\/regischocolatier.chocolats.net\/en\/retrait-en-magasin\/\" \/>\n<meta property=\"og:locale\" content=\"en_GB\" \/>\n<meta property=\"og:type\" content=\"article\" \/>\n<meta property=\"og:title\" content=\"RETRAIT EN MAGASIN - REGIS CHOCOLATERIE\" \/>\n<meta property=\"og:url\" content=\"https:\/\/regischocolatier.chocolats.net\/en\/retrait-en-magasin\/\" \/>\n<meta property=\"og:site_name\" content=\"REGIS CHOCOLATERIE\" \/>\n<meta property=\"article:modified_time\" content=\"2020-12-07T15:13:44+00:00\" \/>\n<meta name=\"twitter:card\" content=\"summary_large_image\" \/>\n<meta name=\"twitter:label1\" content=\"Estimated reading time\" \/>\n\t<meta name=\"twitter:data1\" content=\"1 minute\" \/>\n<script type=\"application\/ld+json\" class=\"yoast-schema-graph\">{\"@context\":\"https:\/\/schema.org\",\"@graph\":[{\"@type\":\"WebPage\",\"@id\":\"https:\/\/regischocolatier.chocolats.net\/retrait-en-magasin\/\",\"url\":\"https:\/\/regischocolatier.chocolats.net\/retrait-en-magasin\/\",\"name\":\"RETRAIT EN MAGASIN - REGIS CHOCOLATERIE\",\"isPartOf\":{\"@id\":\"https:\/\/regischocolatier.chocolats.net\/#website\"},\"datePublished\":\"2020-11-02T13:39:44+00:00\",\"dateModified\":\"2020-12-07T15:13:44+00:00\",\"breadcrumb\":{\"@id\":\"https:\/\/regischocolatier.chocolats.net\/retrait-en-magasin\/#breadcrumb\"},\"inLanguage\":\"en-GB\",\"potentialAction\":[{\"@type\":\"ReadAction\",\"target\":[\"https:\/\/regischocolatier.chocolats.net\/retrait-en-magasin\/\"]}]},{\"@type\":\"BreadcrumbList\",\"@id\":\"https:\/\/regischocolatier.chocolats.net\/retrait-en-magasin\/#breadcrumb\",\"itemListElement\":[{\"@type\":\"ListItem\",\"position\":1,\"name\":\"Home\",\"item\":\"https:\/\/regischocolatier.chocolats.net\/\"},{\"@type\":\"ListItem\",\"position\":2,\"name\":\"RETRAIT EN MAGASIN\"}]},{\"@type\":\"WebSite\",\"@id\":\"https:\/\/regischocolatier.chocolats.net\/#website\",\"url\":\"https:\/\/regischocolatier.chocolats.net\/\",\"name\":\"REGIS CHOCOLATERIE\",\"description\":\"REGIS chocolatier, ma\u00eetre chocolatier depuis plus de 70 ans.\",\"potentialAction\":[{\"@type\":\"SearchAction\",\"target\":{\"@type\":\"EntryPoint\",\"urlTemplate\":\"https:\/\/regischocolatier.chocolats.net\/?s={search_term_string}\"},\"query-input\":{\"@type\":\"PropertyValueSpecification\",\"valueRequired\":true,\"valueName\":\"search_term_string\"}}],\"inLanguage\":\"en-GB\"}]}<\/script>\n<!-- \/ Yoast SEO plugin. -->","yoast_head_json":{"title":"RETRAIT EN MAGASIN - REGIS CHOCOLATERIE","robots":{"index":"index","follow":"follow","max-snippet":"max-snippet:-1","max-image-preview":"max-image-preview:large","max-video-preview":"max-video-preview:-1"},"canonical":"https:\/\/regischocolatier.chocolats.net\/en\/retrait-en-magasin\/","og_locale":"en_GB","og_type":"article","og_title":"RETRAIT EN MAGASIN - REGIS CHOCOLATERIE","og_url":"https:\/\/regischocolatier.chocolats.net\/en\/retrait-en-magasin\/","og_site_name":"REGIS CHOCOLATERIE","article_modified_time":"2020-12-07T15:13:44+00:00","twitter_card":"summary_large_image","twitter_misc":{"Estimated reading time":"1 minute"},"schema":{"@context":"https:\/\/schema.org","@graph":[{"@type":"WebPage","@id":"https:\/\/regischocolatier.chocolats.net\/retrait-en-magasin\/","url":"https:\/\/regischocolatier.chocolats.net\/retrait-en-magasin\/","name":"RETRAIT EN MAGASIN - REGIS CHOCOLATERIE","isPartOf":{"@id":"https:\/\/regischocolatier.chocolats.net\/#website"},"datePublished":"2020-11-02T13:39:44+00:00","dateModified":"2020-12-07T15:13:44+00:00","breadcrumb":{"@id":"https:\/\/regischocolatier.chocolats.net\/retrait-en-magasin\/#breadcrumb"},"inLanguage":"en-GB","potentialAction":[{"@type":"ReadAction","target":["https:\/\/regischocolatier.chocolats.net\/retrait-en-magasin\/"]}]},{"@type":"BreadcrumbList","@id":"https:\/\/regischocolatier.chocolats.net\/retrait-en-magasin\/#breadcrumb","itemListElement":[{"@type":"ListItem","position":1,"name":"Home","item":"https:\/\/regischocolatier.chocolats.net\/"},{"@type":"ListItem","position":2,"name":"RETRAIT EN MAGASIN"}]},{"@type":"WebSite","@id":"https:\/\/regischocolatier.chocolats.net\/#website","url":"https:\/\/regischocolatier.chocolats.net\/","name":"REGIS CHOCOLATERIE","description":"REGIS chocolatier, ma\u00eetre chocolatier depuis plus de 70 ans.","potentialAction":[{"@type":"SearchAction","target":{"@type":"EntryPoint","urlTemplate":"https:\/\/regischocolatier.chocolats.net\/?s={search_term_string}"},"query-input":{"@type":"PropertyValueSpecification","valueRequired":true,"valueName":"search_term_string"}}],"inLanguage":"en-GB"}]}},"_links":{"self":[{"href":"http:\/\/regischocolatier.chocolats.net\/en\/wp-json\/wp\/v2\/pages\/2673","targetHints":{"allow":["GET"]}}],"collection":[{"href":"http:\/\/regischocolatier.chocolats.net\/en\/wp-json\/wp\/v2\/pages"}],"about":[{"href":"http:\/\/regischocolatier.chocolats.net\/en\/wp-json\/wp\/v2\/types\/page"}],"author":[{"embeddable":true,"href":"http:\/\/regischocolatier.chocolats.net\/en\/wp-json\/wp\/v2\/users\/30"}],"replies":[{"embeddable":true,"href":"http:\/\/regischocolatier.chocolats.net\/en\/wp-json\/wp\/v2\/comments?post=2673"}],"version-history":[{"count":38,"href":"http:\/\/regischocolatier.chocolats.net\/en\/wp-json\/wp\/v2\/pages\/2673\/revisions"}],"predecessor-version":[{"id":3756,"href":"http:\/\/regischocolatier.chocolats.net\/en\/wp-json\/wp\/v2\/pages\/2673\/revisions\/3756"}],"wp:attachment":[{"href":"http:\/\/regischocolatier.chocolats.net\/en\/wp-json\/wp\/v2\/media?parent=2673"}],"curies":[{"name":"wp","href":"https:\/\/api.w.org\/{rel}","templated":true}]}}